{"id":1128,"date":"2022-01-06T11:18:36","date_gmt":"2022-01-06T11:18:36","guid":{"rendered":"https:\/\/suapoderado.com\/?page_id=1128"},"modified":"2025-02-16T21:15:32","modified_gmt":"2025-02-16T21:15:32","slug":"clientes","status":"publish","type":"page","link":"https:\/\/suapoderado.com\/index.php\/clientes\/","title":{"rendered":"Clientes"},"content":{"rendered":"\n<!DOCTYPE html>\n<html lang=\"es\">\n<head>\n  <meta charset=\"UTF-8\">\n  <meta name=\"viewport\" content=\"width=device-width, initial-scale=1\">\n  <title>Acceso a Miembros &#8211; Suapoderado<\/title>\n  <style>\n    body {\n      margin: 0;\n      padding: 0;\n      font-family: Arial, sans-serif;\n      background-color: #f4f4f4;\n      color: #333;\n      line-height: 1.6;\n    }\n    header {\n      background: linear-gradient(135deg, #2980b9, #3498db);\n      color: #fff;\n      padding: 20px 0;\n      text-align: center;\n    }\n    header h1 {\n      margin: 0;\n      font-size: 2.5rem;\n    }\n    .container {\n      max-width: 1200px;\n      margin: 30px auto;\n      padding: 20px;\n      background: linear-gradient(135deg, #2980b9, #3498db);\n      border: 2px solid #e67e22;\n      border-radius: 8px;\n      box-shadow: 0 2px 5px rgba(0, 0, 0, 0.1);\n      color: #fff;\n    }\n    .promo-section {\n      text-align: center;\n      margin-bottom: 30px;\n    }\n    .promo-section img {\n      max-width: 100%;\n      height: auto;\n      border-radius: 8px;\n    }\n    .promo-section h2 {\n      font-size: 2rem;\n      margin: 20px 0;\n    }\n    .promo-section p {\n      font-size: 1.2rem;\n      margin-bottom: 20px;\n    }\n    .cta {\n      text-align: center;\n      margin-top: 30px;\n    }\n    .cta a {\n      background: #e67e22;\n      color: #fff;\n      padding: 15px 30px;\n      text-decoration: none;\n      font-size: 1.2rem;\n      border-radius: 5px;\n      transition: background 0.3s ease;\n    }\n    .cta a:hover {\n      background: #cf5f1a;\n    }\n    @media (max-width: 768px) {\n      .container {\n        padding: 15px;\n      }\n      header h1 {\n        font-size: 2rem;\n      }\n      .promo-section h2 {\n        font-size: 1.8rem;\n      }\n      .promo-section p {\n        font-size: 1rem;\n      }\n      .cta a {\n        font-size: 1rem;\n        padding: 12px 25px;\n      }\n    }\n  <\/style>\n<\/head>\n<body>\n  <header>\n    <h1>\u00a1Acceso a Miembros!<\/h1>\n  <\/header>\n  <div class=\"container\">\n    <div class=\"promo-section\">\n      <img decoding=\"async\" src=\"https:\/\/via.placeholder.com\/1200x400\" alt=\"Promoci\u00f3n de Miembros\">\n      <h2>\u00danete a Nuestra Comunidad Exclusiva<\/h2>\n      <p>\n        Disfruta de beneficios exclusivos para miembros registrados, incluyendo acceso a contenido premium, recursos legales especializados y actualizaciones personalizadas.\n      <\/p>\n    <\/div>\n    <div class=\"cta\">\n      <a href=\"https:\/\/suapoderado.com\/index.php\/contactanos\/\">Cont\u00e1ctanos<\/a>\n    <\/div>\n  <\/div>\n  <!-- Footer eliminado -->\n<\/body>\n<\/html>\n\n\n\n<!DOCTYPE html> \n<html lang=\"es\">\n<head>\n    <meta charset=\"UTF-8\">\n    <meta name=\"viewport\" content=\"width=device-width, initial-scale=1.0\">\n    <title>Men\u00fa Horizontal Estilizado<\/title>\n    <style>\n        \/* Asegura que los estilos solo afecten el men\u00fa *\/\n        .custom-menu {\n            width: 100%;\n            max-width: 1200px; \/* Ajusta el ancho del men\u00fa para evitar que afecte todo el encabezado *\/\n            background-color: #ffffff; \/* Fondo blanco *\/\n            display: flex;\n            justify-content: center;\n            padding: 15px 0;\n            box-shadow: 0 4px 10px rgba(0, 0, 0, 0.1);\n            margin: 0 auto;\n        }\n\n        .custom-menu ul {\n            list-style: none;\n            padding: 0;\n            margin: 0;\n            display: flex;\n        }\n\n        .custom-menu ul li {\n            margin: 0 10px;\n        }\n\n        .custom-menu ul li a {\n            color: #e67e22; \/* Naranja *\/\n            text-decoration: none;\n            font-size: 18px;\n            font-weight: bold;\n            padding: 12px 20px;\n            border-radius: 8px;\n            display: block;\n            background-color: #ffffff; \/* Fondo blanco *\/\n            border: 2px solid #2980b9; \/* Borde azul *\/\n            text-align: center;\n            transition: all 0.3s ease-in-out;\n        }\n\n        \/* Efecto hover *\/\n        .custom-menu ul li a:hover {\n            background-color: #2980b9; \/* Azul *\/\n            color: #ffffff; \/* Texto blanco *\/\n            border: 2px solid #2980b9;\n            box-shadow: 0 4px 10px rgba(41, 128, 185, 0.3);\n        }\n    <\/style>\n<\/head>\n<body>\n\n    <!-- Men\u00fa horizontal encapsulado para evitar conflictos -->\n    <nav class=\"custom-menu\">\n        <ul>\n            <li><a href=\"https:\/\/www.suapoderado.com\/index.php\/terminos-y-condiciones\/\" target=\"_blank\">T\u00e9rminos y Condiciones<\/a><\/li>\n            <li><a href=\"https:\/\/www.suapoderado.com\/index.php\/medios-de-pago\/\" target=\"_blank\">Medios de Pago<\/a><\/li>\n            <li><a href=\"https:\/\/www.suapoderado.com\/index.php\/contratos\/\" target=\"_blank\">Contratos<\/a><\/li>\n            <li><a href=\"https:\/\/www.suapoderado.com\/index.php\/2025\/02\/08\/poderes\/\" target=\"_blank\">Poderes<\/a><\/li>\n            <li><a href=\"https:\/\/www.suapoderado.com\/index.php\/tarifas-de-honorarios-profesionales-de-abogados\/\" target=\"_blank\">Tarifas y Horarios<\/a><\/li>\n        <\/ul>\n    <\/nav>\n\n<\/body>\n<\/html>\n","protected":false},"excerpt":{"rendered":"<p>Acceso a Miembros &#8211; Suapoderado \u00a1Acceso a Miembros! \u00danete a Nuestra Comunidad Exclusiva Disfruta de beneficios exclusivos para miembros registrados, incluyendo acceso a contenido premium, recursos legales especializados y actualizaciones personalizadas. Cont\u00e1ctanos Men\u00fa Horizontal Estilizado T\u00e9rminos y Condiciones Medios de Pago Contratos Poderes Tarifas y Horarios<\/p>\n","protected":false},"author":1,"featured_media":0,"parent":0,"menu_order":0,"comment_status":"closed","ping_status":"closed","template":"","meta":{"_kadence_starter_templates_imported_post":false,"_kad_post_transparent":"","_kad_post_title":"","_kad_post_layout":"","_kad_post_sidebar_id":"","_kad_post_content_style":"","_kad_post_vertical_padding":"","_kad_post_feature":"","_kad_post_feature_position":"","_kad_post_header":false,"_kad_post_footer":false,"footnotes":""},"class_list":["post-1128","page","type-page","status-publish","hentry"],"yoast_head":"<!-- This site is optimized with the Yoast SEO plugin v24.6 - https:\/\/yoast.com\/wordpress\/plugins\/seo\/ -->\n<title>Clientes - Suapoderado<\/title>\n<meta name=\"robots\" content=\"index, follow, max-snippet:-1, max-image-preview:large, max-video-preview:-1\" \/>\n<link rel=\"canonical\" href=\"https:\/\/suapoderado.com\/index.php\/clientes\/\" \/>\n<meta property=\"og:locale\" content=\"es_ES\" \/>\n<meta property=\"og:type\" content=\"article\" \/>\n<meta property=\"og:title\" content=\"Clientes - Suapoderado\" \/>\n<meta property=\"og:description\" content=\"Acceso a Miembros &#8211; Suapoderado \u00a1Acceso a Miembros! \u00danete a Nuestra Comunidad Exclusiva Disfruta de beneficios exclusivos para miembros registrados, incluyendo acceso a contenido premium, recursos legales especializados y actualizaciones personalizadas. Cont\u00e1ctanos Men\u00fa Horizontal Estilizado T\u00e9rminos y Condiciones Medios de Pago Contratos Poderes Tarifas y Horarios\" \/>\n<meta property=\"og:url\" content=\"https:\/\/suapoderado.com\/index.php\/clientes\/\" \/>\n<meta property=\"og:site_name\" content=\"Suapoderado\" \/>\n<meta property=\"article:modified_time\" content=\"2025-02-16T21:15:32+00:00\" \/>\n<meta property=\"og:image\" content=\"https:\/\/via.placeholder.com\/1200x400\" \/>\n<meta name=\"twitter:card\" content=\"summary_large_image\" \/>\n<meta name=\"twitter:label1\" content=\"Tiempo de lectura\" \/>\n\t<meta name=\"twitter:data1\" content=\"1 minuto\" \/>\n<script type=\"application\/ld+json\" class=\"yoast-schema-graph\">{\"@context\":\"https:\/\/schema.org\",\"@graph\":[{\"@type\":\"WebPage\",\"@id\":\"https:\/\/suapoderado.com\/index.php\/clientes\/\",\"url\":\"https:\/\/suapoderado.com\/index.php\/clientes\/\",\"name\":\"Clientes - Suapoderado\",\"isPartOf\":{\"@id\":\"https:\/\/suapoderado.com\/#website\"},\"primaryImageOfPage\":{\"@id\":\"https:\/\/suapoderado.com\/index.php\/clientes\/#primaryimage\"},\"image\":{\"@id\":\"https:\/\/suapoderado.com\/index.php\/clientes\/#primaryimage\"},\"thumbnailUrl\":\"https:\/\/via.placeholder.com\/1200x400\",\"datePublished\":\"2022-01-06T11:18:36+00:00\",\"dateModified\":\"2025-02-16T21:15:32+00:00\",\"breadcrumb\":{\"@id\":\"https:\/\/suapoderado.com\/index.php\/clientes\/#breadcrumb\"},\"inLanguage\":\"es-CO\",\"potentialAction\":[{\"@type\":\"ReadAction\",\"target\":[\"https:\/\/suapoderado.com\/index.php\/clientes\/\"]}]},{\"@type\":\"ImageObject\",\"inLanguage\":\"es-CO\",\"@id\":\"https:\/\/suapoderado.com\/index.php\/clientes\/#primaryimage\",\"url\":\"https:\/\/via.placeholder.com\/1200x400\",\"contentUrl\":\"https:\/\/via.placeholder.com\/1200x400\"},{\"@type\":\"BreadcrumbList\",\"@id\":\"https:\/\/suapoderado.com\/index.php\/clientes\/#breadcrumb\",\"itemListElement\":[{\"@type\":\"ListItem\",\"position\":1,\"name\":\"Inicio\",\"item\":\"https:\/\/suapoderado.com\/\"},{\"@type\":\"ListItem\",\"position\":2,\"name\":\"Clientes\"}]},{\"@type\":\"WebSite\",\"@id\":\"https:\/\/suapoderado.com\/#website\",\"url\":\"https:\/\/suapoderado.com\/\",\"name\":\"Suapoderado\",\"description\":\"Ferrer &amp; Hern\u00e1ndez Abogados\",\"publisher\":{\"@id\":\"https:\/\/suapoderado.com\/#organization\"},\"potentialAction\":[{\"@type\":\"SearchAction\",\"target\":{\"@type\":\"EntryPoint\",\"urlTemplate\":\"https:\/\/suapoderado.com\/?s={search_term_string}\"},\"query-input\":{\"@type\":\"PropertyValueSpecification\",\"valueRequired\":true,\"valueName\":\"search_term_string\"}}],\"inLanguage\":\"es-CO\"},{\"@type\":\"Organization\",\"@id\":\"https:\/\/suapoderado.com\/#organization\",\"name\":\"Suapoderado\",\"alternateName\":\"Ferrer & Hernandez Abogados\",\"url\":\"https:\/\/suapoderado.com\/\",\"logo\":{\"@type\":\"ImageObject\",\"inLanguage\":\"es-CO\",\"@id\":\"https:\/\/suapoderado.com\/#\/schema\/logo\/image\/\",\"url\":\"http:\/\/www.suapoderado.com\/wp-content\/uploads\/2025\/02\/favicon_suapoderado_final_48x48.png\",\"contentUrl\":\"http:\/\/www.suapoderado.com\/wp-content\/uploads\/2025\/02\/favicon_suapoderado_final_48x48.png\",\"width\":48,\"height\":48,\"caption\":\"Suapoderado\"},\"image\":{\"@id\":\"https:\/\/suapoderado.com\/#\/schema\/logo\/image\/\"}}]}<\/script>\n<!-- \/ Yoast SEO plugin. -->","yoast_head_json":{"title":"Clientes - Suapoderado","robots":{"index":"index","follow":"follow","max-snippet":"max-snippet:-1","max-image-preview":"max-image-preview:large","max-video-preview":"max-video-preview:-1"},"canonical":"https:\/\/suapoderado.com\/index.php\/clientes\/","og_locale":"es_ES","og_type":"article","og_title":"Clientes - Suapoderado","og_description":"Acceso a Miembros &#8211; Suapoderado \u00a1Acceso a Miembros! \u00danete a Nuestra Comunidad Exclusiva Disfruta de beneficios exclusivos para miembros registrados, incluyendo acceso a contenido premium, recursos legales especializados y actualizaciones personalizadas. Cont\u00e1ctanos Men\u00fa Horizontal Estilizado T\u00e9rminos y Condiciones Medios de Pago Contratos Poderes Tarifas y Horarios","og_url":"https:\/\/suapoderado.com\/index.php\/clientes\/","og_site_name":"Suapoderado","article_modified_time":"2025-02-16T21:15:32+00:00","og_image":[{"url":"https:\/\/via.placeholder.com\/1200x400","type":"","width":"","height":""}],"twitter_card":"summary_large_image","twitter_misc":{"Tiempo de lectura":"1 minuto"},"schema":{"@context":"https:\/\/schema.org","@graph":[{"@type":"WebPage","@id":"https:\/\/suapoderado.com\/index.php\/clientes\/","url":"https:\/\/suapoderado.com\/index.php\/clientes\/","name":"Clientes - Suapoderado","isPartOf":{"@id":"https:\/\/suapoderado.com\/#website"},"primaryImageOfPage":{"@id":"https:\/\/suapoderado.com\/index.php\/clientes\/#primaryimage"},"image":{"@id":"https:\/\/suapoderado.com\/index.php\/clientes\/#primaryimage"},"thumbnailUrl":"https:\/\/via.placeholder.com\/1200x400","datePublished":"2022-01-06T11:18:36+00:00","dateModified":"2025-02-16T21:15:32+00:00","breadcrumb":{"@id":"https:\/\/suapoderado.com\/index.php\/clientes\/#breadcrumb"},"inLanguage":"es-CO","potentialAction":[{"@type":"ReadAction","target":["https:\/\/suapoderado.com\/index.php\/clientes\/"]}]},{"@type":"ImageObject","inLanguage":"es-CO","@id":"https:\/\/suapoderado.com\/index.php\/clientes\/#primaryimage","url":"https:\/\/via.placeholder.com\/1200x400","contentUrl":"https:\/\/via.placeholder.com\/1200x400"},{"@type":"BreadcrumbList","@id":"https:\/\/suapoderado.com\/index.php\/clientes\/#breadcrumb","itemListElement":[{"@type":"ListItem","position":1,"name":"Inicio","item":"https:\/\/suapoderado.com\/"},{"@type":"ListItem","position":2,"name":"Clientes"}]},{"@type":"WebSite","@id":"https:\/\/suapoderado.com\/#website","url":"https:\/\/suapoderado.com\/","name":"Suapoderado","description":"Ferrer &amp; Hern\u00e1ndez Abogados","publisher":{"@id":"https:\/\/suapoderado.com\/#organization"},"potentialAction":[{"@type":"SearchAction","target":{"@type":"EntryPoint","urlTemplate":"https:\/\/suapoderado.com\/?s={search_term_string}"},"query-input":{"@type":"PropertyValueSpecification","valueRequired":true,"valueName":"search_term_string"}}],"inLanguage":"es-CO"},{"@type":"Organization","@id":"https:\/\/suapoderado.com\/#organization","name":"Suapoderado","alternateName":"Ferrer & Hernandez Abogados","url":"https:\/\/suapoderado.com\/","logo":{"@type":"ImageObject","inLanguage":"es-CO","@id":"https:\/\/suapoderado.com\/#\/schema\/logo\/image\/","url":"http:\/\/www.suapoderado.com\/wp-content\/uploads\/2025\/02\/favicon_suapoderado_final_48x48.png","contentUrl":"http:\/\/www.suapoderado.com\/wp-content\/uploads\/2025\/02\/favicon_suapoderado_final_48x48.png","width":48,"height":48,"caption":"Suapoderado"},"image":{"@id":"https:\/\/suapoderado.com\/#\/schema\/logo\/image\/"}}]}},"_links":{"self":[{"href":"https:\/\/suapoderado.com\/index.php\/wp-json\/wp\/v2\/pages\/1128","targetHints":{"allow":["GET"]}}],"collection":[{"href":"https:\/\/suapoderado.com\/index.php\/wp-json\/wp\/v2\/pages"}],"about":[{"href":"https:\/\/suapoderado.com\/index.php\/wp-json\/wp\/v2\/types\/page"}],"author":[{"embeddable":true,"href":"https:\/\/suapoderado.com\/index.php\/wp-json\/wp\/v2\/users\/1"}],"replies":[{"embeddable":true,"href":"https:\/\/suapoderado.com\/index.php\/wp-json\/wp\/v2\/comments?post=1128"}],"version-history":[{"count":18,"href":"https:\/\/suapoderado.com\/index.php\/wp-json\/wp\/v2\/pages\/1128\/revisions"}],"predecessor-version":[{"id":3740,"href":"https:\/\/suapoderado.com\/index.php\/wp-json\/wp\/v2\/pages\/1128\/revisions\/3740"}],"wp:attachment":[{"href":"https:\/\/suapoderado.com\/index.php\/wp-json\/wp\/v2\/media?parent=1128"}],"curies":[{"name":"wp","href":"https:\/\/api.w.org\/{rel}","templated":true}]}}