{"id":1149,"date":"2022-01-06T11:43:48","date_gmt":"2022-01-06T11:43:48","guid":{"rendered":"https:\/\/suapoderado.com\/?page_id=1149"},"modified":"2024-04-09T04:26:00","modified_gmt":"2024-04-09T04:26:00","slug":"derecho-civil","status":"publish","type":"page","link":"https:\/\/suapoderado.com\/index.php\/servicios\/derecho-civil\/","title":{"rendered":"Derecho Civil"},"content":{"rendered":"\n\n\n<div style=\"height:100px\" aria-hidden=\"true\" class=\"wp-block-spacer\"><\/div>\n\n\n\n<div class=\"wp-block-columns is-layout-flex wp-container-core-columns-is-layout-1 wp-block-columns-is-layout-flex\">\n<div class=\"wp-block-column is-layout-flow wp-block-column-is-layout-flow\">\n<p>COMPETENCIA DESLEAL<br>\u22c5 En la distribuci\u00f3n y comercializaci\u00f3n de lubricantes para veh\u00edculos.<br>Elaboraci\u00f3n de publicidad no autorizada. Presupuestos para calificar un acto<br>como generador de competencia desleal. Legitimaci\u00f3n en la causa por activa<br>y por pasiva. Aplicaci\u00f3n art\u00edculos 21 y 22 de la Ley 256 de 1996. Acreditaci\u00f3n<br>y configuraci\u00f3n de actos de competencia desleal: 1) Desviaci\u00f3n de la clientela,<br>2) Actos de confusi\u00f3n, 3) actos de enga\u00f1o, 4) actos de descr\u00e9dito, 5)<br>explotaci\u00f3n de la reputaci\u00f3n ajena, y 6) inducci\u00f3n al p\u00fablico a error sobre la<br>actividad, las prestaciones mercantiles o el establecimiento ajenos.<\/p>\n<\/div>\n\n\n\n<div class=\"wp-block-column is-layout-flow wp-block-column-is-layout-flow\">\n<figure class=\"wp-block-image size-full is-resized\"><img fetchpriority=\"high\" decoding=\"async\" width=\"1024\" height=\"1024\" src=\"http:\/\/www.suapoderado.com\/wp-content\/uploads\/2024\/02\/268e14ca-cd18-4d82-81a3-787472f1b9a3.jpg\" alt=\"\" class=\"wp-image-1867\" style=\"width:374px;height:auto\" srcset=\"https:\/\/suapoderado.com\/wp-content\/uploads\/2024\/02\/268e14ca-cd18-4d82-81a3-787472f1b9a3.jpg 1024w, https:\/\/suapoderado.com\/wp-content\/uploads\/2024\/02\/268e14ca-cd18-4d82-81a3-787472f1b9a3-300x300.jpg 300w, https:\/\/suapoderado.com\/wp-content\/uploads\/2024\/02\/268e14ca-cd18-4d82-81a3-787472f1b9a3-150x150.jpg 150w, https:\/\/suapoderado.com\/wp-content\/uploads\/2024\/02\/268e14ca-cd18-4d82-81a3-787472f1b9a3-768x768.jpg 768w\" sizes=\"(max-width: 1024px) 100vw, 1024px\" \/><\/figure>\n<\/div>\n<\/div>\n","protected":false},"excerpt":{"rendered":"<p>COMPETENCIA DESLEAL\u22c5 En la distribuci\u00f3n y comercializaci\u00f3n de lubricantes para veh\u00edculos.Elaboraci\u00f3n de publicidad no autorizada. Presupuestos para calificar un actocomo generador de competencia desleal. Legitimaci\u00f3n en la causa por activay por pasiva. Aplicaci\u00f3n art\u00edculos 21 y 22 de la Ley 256 de 1996. Acreditaci\u00f3ny configuraci\u00f3n de actos de competencia desleal: 1) Desviaci\u00f3n de la clientela,2)&#8230;<\/p>\n","protected":false},"author":1,"featured_media":0,"parent":1126,"menu_order":2,"comment_status":"closed","ping_status":"closed","template":"","meta":{"_kadence_starter_templates_imported_post":false,"_kad_post_transparent":"","_kad_post_title":"","_kad_post_layout":"","_kad_post_sidebar_id":"","_kad_post_content_style":"","_kad_post_vertical_padding":"","_kad_post_feature":"","_kad_post_feature_position":"","_kad_post_header":false,"_kad_post_footer":false,"footnotes":""},"class_list":["post-1149","page","type-page","status-publish","hentry"],"yoast_head":"<!-- This site is optimized with the Yoast SEO plugin v24.6 - https:\/\/yoast.com\/wordpress\/plugins\/seo\/ -->\n<title>Derecho Civil - Suapoderado<\/title>\n<meta name=\"robots\" content=\"index, follow, max-snippet:-1, max-image-preview:large, max-video-preview:-1\" \/>\n<link rel=\"canonical\" href=\"https:\/\/suapoderado.com\/index.php\/servicios\/derecho-civil\/\" \/>\n<meta property=\"og:locale\" content=\"es_ES\" \/>\n<meta property=\"og:type\" content=\"article\" \/>\n<meta property=\"og:title\" content=\"Derecho Civil - Suapoderado\" \/>\n<meta property=\"og:description\" content=\"COMPETENCIA DESLEAL\u22c5 En la distribuci\u00f3n y comercializaci\u00f3n de lubricantes para veh\u00edculos.Elaboraci\u00f3n de publicidad no autorizada. Presupuestos para calificar un actocomo generador de competencia desleal. Legitimaci\u00f3n en la causa por activay por pasiva. Aplicaci\u00f3n art\u00edculos 21 y 22 de la Ley 256 de 1996. Acreditaci\u00f3ny configuraci\u00f3n de actos de competencia desleal: 1) Desviaci\u00f3n de la clientela,2)...\" \/>\n<meta property=\"og:url\" content=\"https:\/\/suapoderado.com\/index.php\/servicios\/derecho-civil\/\" \/>\n<meta property=\"og:site_name\" content=\"Suapoderado\" \/>\n<meta property=\"article:modified_time\" content=\"2024-04-09T04:26:00+00:00\" \/>\n<meta property=\"og:image\" content=\"http:\/\/www.suapoderado.com\/wp-content\/uploads\/2024\/02\/268e14ca-cd18-4d82-81a3-787472f1b9a3.jpg\" \/>\n<meta name=\"twitter:card\" content=\"summary_large_image\" \/>\n<script type=\"application\/ld+json\" class=\"yoast-schema-graph\">{\"@context\":\"https:\/\/schema.org\",\"@graph\":[{\"@type\":\"WebPage\",\"@id\":\"https:\/\/suapoderado.com\/index.php\/servicios\/derecho-civil\/\",\"url\":\"https:\/\/suapoderado.com\/index.php\/servicios\/derecho-civil\/\",\"name\":\"Derecho Civil - Suapoderado\",\"isPartOf\":{\"@id\":\"https:\/\/suapoderado.com\/#website\"},\"primaryImageOfPage\":{\"@id\":\"https:\/\/suapoderado.com\/index.php\/servicios\/derecho-civil\/#primaryimage\"},\"image\":{\"@id\":\"https:\/\/suapoderado.com\/index.php\/servicios\/derecho-civil\/#primaryimage\"},\"thumbnailUrl\":\"http:\/\/www.suapoderado.com\/wp-content\/uploads\/2024\/02\/268e14ca-cd18-4d82-81a3-787472f1b9a3.jpg\",\"datePublished\":\"2022-01-06T11:43:48+00:00\",\"dateModified\":\"2024-04-09T04:26:00+00:00\",\"breadcrumb\":{\"@id\":\"https:\/\/suapoderado.com\/index.php\/servicios\/derecho-civil\/#breadcrumb\"},\"inLanguage\":\"es-CO\",\"potentialAction\":[{\"@type\":\"ReadAction\",\"target\":[\"https:\/\/suapoderado.com\/index.php\/servicios\/derecho-civil\/\"]}]},{\"@type\":\"ImageObject\",\"inLanguage\":\"es-CO\",\"@id\":\"https:\/\/suapoderado.com\/index.php\/servicios\/derecho-civil\/#primaryimage\",\"url\":\"http:\/\/www.suapoderado.com\/wp-content\/uploads\/2024\/02\/268e14ca-cd18-4d82-81a3-787472f1b9a3.jpg\",\"contentUrl\":\"http:\/\/www.suapoderado.com\/wp-content\/uploads\/2024\/02\/268e14ca-cd18-4d82-81a3-787472f1b9a3.jpg\"},{\"@type\":\"BreadcrumbList\",\"@id\":\"https:\/\/suapoderado.com\/index.php\/servicios\/derecho-civil\/#breadcrumb\",\"itemListElement\":[{\"@type\":\"ListItem\",\"position\":1,\"name\":\"Inicio\",\"item\":\"https:\/\/suapoderado.com\/\"},{\"@type\":\"ListItem\",\"position\":2,\"name\":\"Servicios\",\"item\":\"https:\/\/suapoderado.com\/index.php\/servicios\/\"},{\"@type\":\"ListItem\",\"position\":3,\"name\":\"Derecho Civil\"}]},{\"@type\":\"WebSite\",\"@id\":\"https:\/\/suapoderado.com\/#website\",\"url\":\"https:\/\/suapoderado.com\/\",\"name\":\"Suapoderado\",\"description\":\"Ferrer &amp; Hern\u00e1ndez Abogados\",\"publisher\":{\"@id\":\"https:\/\/suapoderado.com\/#organization\"},\"potentialAction\":[{\"@type\":\"SearchAction\",\"target\":{\"@type\":\"EntryPoint\",\"urlTemplate\":\"https:\/\/suapoderado.com\/?s={search_term_string}\"},\"query-input\":{\"@type\":\"PropertyValueSpecification\",\"valueRequired\":true,\"valueName\":\"search_term_string\"}}],\"inLanguage\":\"es-CO\"},{\"@type\":\"Organization\",\"@id\":\"https:\/\/suapoderado.com\/#organization\",\"name\":\"Suapoderado\",\"alternateName\":\"Ferrer & Hernandez Abogados\",\"url\":\"https:\/\/suapoderado.com\/\",\"logo\":{\"@type\":\"ImageObject\",\"inLanguage\":\"es-CO\",\"@id\":\"https:\/\/suapoderado.com\/#\/schema\/logo\/image\/\",\"url\":\"http:\/\/www.suapoderado.com\/wp-content\/uploads\/2025\/02\/favicon_suapoderado_final_48x48.png\",\"contentUrl\":\"http:\/\/www.suapoderado.com\/wp-content\/uploads\/2025\/02\/favicon_suapoderado_final_48x48.png\",\"width\":48,\"height\":48,\"caption\":\"Suapoderado\"},\"image\":{\"@id\":\"https:\/\/suapoderado.com\/#\/schema\/logo\/image\/\"}}]}<\/script>\n<!-- \/ Yoast SEO plugin. -->","yoast_head_json":{"title":"Derecho Civil - Suapoderado","robots":{"index":"index","follow":"follow","max-snippet":"max-snippet:-1","max-image-preview":"max-image-preview:large","max-video-preview":"max-video-preview:-1"},"canonical":"https:\/\/suapoderado.com\/index.php\/servicios\/derecho-civil\/","og_locale":"es_ES","og_type":"article","og_title":"Derecho Civil - Suapoderado","og_description":"COMPETENCIA DESLEAL\u22c5 En la distribuci\u00f3n y comercializaci\u00f3n de lubricantes para veh\u00edculos.Elaboraci\u00f3n de publicidad no autorizada. Presupuestos para calificar un actocomo generador de competencia desleal. Legitimaci\u00f3n en la causa por activay por pasiva. Aplicaci\u00f3n art\u00edculos 21 y 22 de la Ley 256 de 1996. Acreditaci\u00f3ny configuraci\u00f3n de actos de competencia desleal: 1) Desviaci\u00f3n de la clientela,2)...","og_url":"https:\/\/suapoderado.com\/index.php\/servicios\/derecho-civil\/","og_site_name":"Suapoderado","article_modified_time":"2024-04-09T04:26:00+00:00","og_image":[{"url":"http:\/\/www.suapoderado.com\/wp-content\/uploads\/2024\/02\/268e14ca-cd18-4d82-81a3-787472f1b9a3.jpg","type":"","width":"","height":""}],"twitter_card":"summary_large_image","schema":{"@context":"https:\/\/schema.org","@graph":[{"@type":"WebPage","@id":"https:\/\/suapoderado.com\/index.php\/servicios\/derecho-civil\/","url":"https:\/\/suapoderado.com\/index.php\/servicios\/derecho-civil\/","name":"Derecho Civil - Suapoderado","isPartOf":{"@id":"https:\/\/suapoderado.com\/#website"},"primaryImageOfPage":{"@id":"https:\/\/suapoderado.com\/index.php\/servicios\/derecho-civil\/#primaryimage"},"image":{"@id":"https:\/\/suapoderado.com\/index.php\/servicios\/derecho-civil\/#primaryimage"},"thumbnailUrl":"http:\/\/www.suapoderado.com\/wp-content\/uploads\/2024\/02\/268e14ca-cd18-4d82-81a3-787472f1b9a3.jpg","datePublished":"2022-01-06T11:43:48+00:00","dateModified":"2024-04-09T04:26:00+00:00","breadcrumb":{"@id":"https:\/\/suapoderado.com\/index.php\/servicios\/derecho-civil\/#breadcrumb"},"inLanguage":"es-CO","potentialAction":[{"@type":"ReadAction","target":["https:\/\/suapoderado.com\/index.php\/servicios\/derecho-civil\/"]}]},{"@type":"ImageObject","inLanguage":"es-CO","@id":"https:\/\/suapoderado.com\/index.php\/servicios\/derecho-civil\/#primaryimage","url":"http:\/\/www.suapoderado.com\/wp-content\/uploads\/2024\/02\/268e14ca-cd18-4d82-81a3-787472f1b9a3.jpg","contentUrl":"http:\/\/www.suapoderado.com\/wp-content\/uploads\/2024\/02\/268e14ca-cd18-4d82-81a3-787472f1b9a3.jpg"},{"@type":"BreadcrumbList","@id":"https:\/\/suapoderado.com\/index.php\/servicios\/derecho-civil\/#breadcrumb","itemListElement":[{"@type":"ListItem","position":1,"name":"Inicio","item":"https:\/\/suapoderado.com\/"},{"@type":"ListItem","position":2,"name":"Servicios","item":"https:\/\/suapoderado.com\/index.php\/servicios\/"},{"@type":"ListItem","position":3,"name":"Derecho Civil"}]},{"@type":"WebSite","@id":"https:\/\/suapoderado.com\/#website","url":"https:\/\/suapoderado.com\/","name":"Suapoderado","description":"Ferrer &amp; Hern\u00e1ndez Abogados","publisher":{"@id":"https:\/\/suapoderado.com\/#organization"},"potentialAction":[{"@type":"SearchAction","target":{"@type":"EntryPoint","urlTemplate":"https:\/\/suapoderado.com\/?s={search_term_string}"},"query-input":{"@type":"PropertyValueSpecification","valueRequired":true,"valueName":"search_term_string"}}],"inLanguage":"es-CO"},{"@type":"Organization","@id":"https:\/\/suapoderado.com\/#organization","name":"Suapoderado","alternateName":"Ferrer & Hernandez Abogados","url":"https:\/\/suapoderado.com\/","logo":{"@type":"ImageObject","inLanguage":"es-CO","@id":"https:\/\/suapoderado.com\/#\/schema\/logo\/image\/","url":"http:\/\/www.suapoderado.com\/wp-content\/uploads\/2025\/02\/favicon_suapoderado_final_48x48.png","contentUrl":"http:\/\/www.suapoderado.com\/wp-content\/uploads\/2025\/02\/favicon_suapoderado_final_48x48.png","width":48,"height":48,"caption":"Suapoderado"},"image":{"@id":"https:\/\/suapoderado.com\/#\/schema\/logo\/image\/"}}]}},"_links":{"self":[{"href":"https:\/\/suapoderado.com\/index.php\/wp-json\/wp\/v2\/pages\/1149","targetHints":{"allow":["GET"]}}],"collection":[{"href":"https:\/\/suapoderado.com\/index.php\/wp-json\/wp\/v2\/pages"}],"about":[{"href":"https:\/\/suapoderado.com\/index.php\/wp-json\/wp\/v2\/types\/page"}],"author":[{"embeddable":true,"href":"https:\/\/suapoderado.com\/index.php\/wp-json\/wp\/v2\/users\/1"}],"replies":[{"embeddable":true,"href":"https:\/\/suapoderado.com\/index.php\/wp-json\/wp\/v2\/comments?post=1149"}],"version-history":[{"count":2,"href":"https:\/\/suapoderado.com\/index.php\/wp-json\/wp\/v2\/pages\/1149\/revisions"}],"predecessor-version":[{"id":2115,"href":"https:\/\/suapoderado.com\/index.php\/wp-json\/wp\/v2\/pages\/1149\/revisions\/2115"}],"up":[{"embeddable":true,"href":"https:\/\/suapoderado.com\/index.php\/wp-json\/wp\/v2\/pages\/1126"}],"wp:attachment":[{"href":"https:\/\/suapoderado.com\/index.php\/wp-json\/wp\/v2\/media?parent=1149"}],"curies":[{"name":"wp","href":"https:\/\/api.w.org\/{rel}","templated":true}]}}