{"id":1215,"date":"2022-01-06T23:13:19","date_gmt":"2022-01-06T23:13:19","guid":{"rendered":"https:\/\/suapoderado.com\/?page_id=1215"},"modified":"2025-02-14T01:12:37","modified_gmt":"2025-02-14T01:12:37","slug":"deberes-profesionales","status":"publish","type":"page","link":"https:\/\/suapoderado.com\/index.php\/deberes-profesionales\/","title":{"rendered":"Deberes Profesionales"},"content":{"rendered":"\n<hr class=\"wp-block-separator aligncenter has-alpha-channel-opacity is-style-dots\"\/>\n\n\n\n<p>1. Observar la Constituci\u00f3n Pol\u00edtica y la ley.<\/p>\n\n\n\n<p>2. Defender y promocionar los Derechos Humanos, entendidos como la unidad integral de derechos civiles y pol\u00edticos, econ\u00f3micos, sociales y culturales y de derechos colectivos, conforme a las normas constitucionales y a los tratados internacionales ratificados por Colombia.<\/p>\n\n\n\n<p>3. Conocer, promover y respetar las normas consagradas en este c\u00f3digo. ( <strong>Ley 1123 de 2007<\/strong>)<\/p>\n\n\n\n<p>4. Actualizar los conocimientos inherentes al ejercicio de la profesi\u00f3n.<\/p>\n\n\n\n<p>5. Conservar y defender la dignidad y el decoro de la profesi\u00f3n.<\/p>\n\n\n\n<p>6. Colaborar leal y legalmente en la recta y cumplida realizaci\u00f3n de la justicia y los fines del Estado.<\/p>\n\n\n\n<p>7. Observar y exigir mesura, seriedad, ponderaci\u00f3n y respeto en sus relaciones con los servidores p\u00fablicos, colaboradores y auxiliares de la justicia, la contraparte, abogados y dem\u00e1s personas que intervengan en los asuntos de su profesi\u00f3n.<\/p>\n\n\n\n<p>8. Obrar con lealtad y honradez en sus relaciones profesionales. En desarrollo de este deber, entre otros aspectos, el abogado deber\u00e1 fijar sus honorarios con criterio equitativo, justificado y proporcional frente al servicio prestado o de acuerdo a las normas que se dicten para el efecto, y suscribir\u00e1 recibos cada vez que perciba dineros, cualquiera sea su concepto.<\/p>\n\n\n\n<p>Asimismo, deber\u00e1 acordar con claridad los t\u00e9rminos del mandato en lo concerniente al objeto, los costos, la contraprestaci\u00f3n y forma de pago.<\/p>\n\n\n\n<p>9. Guardar el secreto profesional, incluso despu\u00e9s de cesar la prestaci\u00f3n de sus servicios.<\/p>\n\n\n\n<p>10. Atender con celosa diligencia sus encargos profesionales, lo cual se extiende al control de los abogados suplentes y dependientes, as\u00ed como a los miembros de la firma o asociaci\u00f3n de abogados que represente al suscribir contrato de prestaci\u00f3n de servicios, y a aquellos que contrate para el cumplimiento del mismo.<\/p>\n\n\n\n<p>11. Proceder con lealtad y honradez en sus relaciones con los colegas.<\/p>\n\n\n\n<p>12. Mantener en todo momento su independencia profesional, de tal forma que las opiniones pol\u00edticas propias o ajenas, as\u00ed como las filos\u00f3ficas o religiosas no interfieran en ning\u00fan momento en el ejercicio de la profesi\u00f3n, en la cual s\u00f3lo deber\u00e1 atender a la Constituci\u00f3n, la ley y los principios que la orientan.<\/p>\n\n\n\n<p>13. Prevenir litigios innecesarios, inocuos o fraudulentos y facilitar los mecanismos de soluci\u00f3n alternativa de conflictos.<\/p>\n\n\n\n<p>14. Respetar y cumplir las disposiciones legales que establecen las incompatibilidades para el ejercicio de la profesi\u00f3n.<\/p>\n\n\n\n<p>15. Tener un domicilio profesional conocido, registrado y actualizado ante el Registro Nacional de Abogados para la atenci\u00f3n de los asuntos que se le encomienden, debiendo adem\u00e1s informar de manera inmediata toda variaci\u00f3n del mismo a las autoridades ante las cuales adelante cualquier gesti\u00f3n profesional.<\/p>\n\n\n\n<p>16. Abstenerse de incurrir en actuaciones temerarias de acuerdo con la ley.<\/p>\n\n\n\n<p>17. Exhortar a los testigos a declarar con veracidad los hechos de su conocimiento.<\/p>\n\n\n\n<p>18. Informar con veracidad a su cliente sobre las siguientes situaciones:<\/p>\n\n\n\n<p>a) Las posibilidades de la gesti\u00f3n, sin crear falsas expectativas, magnificar las dificultades ni asegurar un resultado favorable;<\/p>\n\n\n\n<p>b) Las relaciones de parentesco, amistad o inter\u00e9s con la parte contraria o cualquier situaci\u00f3n que pueda afectar su independencia o configurar un motivo determinante para la interrupci\u00f3n de la relaci\u00f3n profesional;<\/p>\n\n\n\n<p>c) La constante evoluci\u00f3n del asunto encomendado y las posibilidades de mecanismos alternos de soluci\u00f3n de conflictos.<\/p>\n\n\n\n<p>19. Renunciar o sustituir los poderes, encargos o mandatos que le hayan sido confiados, en aquellos eventos donde se le haya impuesto p ena o sanci\u00f3n que resulte incompatible con el ejercicio de la profesi\u00f3n.<\/p>\n\n\n\n<p>20. Abstenerse de aceptar poder en un asunto hasta tanto no se haya obtenido el correspondiente paz y salvo de honorarios de quien ven\u00eda atendi\u00e9ndolo, salvo causa justificada.<\/p>\n\n\n\n<p>21. Aceptar y desempe\u00f1ar las designaciones como defensor de oficio. S\u00f3lo podr\u00e1 excusarse por enfermedad grave, incompatibilidad de intereses, ser servidor p\u00fablico, o tener a su cargo tres (3) o m\u00e1s defensas de oficio, o que exista una raz\u00f3n que a juicio del funcionario de conocimiento pueda incidir negativamente en la defensa del imputado o resultar violatoria de los derechos fundamentales de la persona designada.<\/p>\n\n\n\n<p><a>.<\/a><\/p>\n\n\n\n<p><\/p>\n","protected":false},"excerpt":{"rendered":"<p>1. Observar la Constituci\u00f3n Pol\u00edtica y la ley. 2. Defender y promocionar los Derechos Humanos, entendidos como la unidad integral de derechos civiles y pol\u00edticos, econ\u00f3micos, sociales y culturales y de derechos colectivos, conforme a las normas constitucionales y a los tratados internacionales ratificados por Colombia. 3. Conocer, promover y respetar las normas consagradas en&#8230;<\/p>\n","protected":false},"author":1,"featured_media":0,"parent":0,"menu_order":0,"comment_status":"closed","ping_status":"closed","template":"","meta":{"_kadence_starter_templates_imported_post":false,"_kad_post_transparent":"","_kad_post_title":"","_kad_post_layout":"","_kad_post_sidebar_id":"","_kad_post_content_style":"","_kad_post_vertical_padding":"","_kad_post_feature":"","_kad_post_feature_position":"","_kad_post_header":false,"_kad_post_footer":false,"footnotes":""},"class_list":["post-1215","page","type-page","status-publish","hentry"],"yoast_head":"<!-- This site is optimized with the Yoast SEO plugin v24.6 - https:\/\/yoast.com\/wordpress\/plugins\/seo\/ -->\n<title>Deberes Profesionales - Suapoderado<\/title>\n<meta name=\"robots\" content=\"index, follow, max-snippet:-1, max-image-preview:large, max-video-preview:-1\" \/>\n<link rel=\"canonical\" href=\"https:\/\/suapoderado.com\/index.php\/deberes-profesionales\/\" \/>\n<meta property=\"og:locale\" content=\"es_ES\" \/>\n<meta property=\"og:type\" content=\"article\" \/>\n<meta property=\"og:title\" content=\"Deberes Profesionales - Suapoderado\" \/>\n<meta property=\"og:description\" content=\"1. Observar la Constituci\u00f3n Pol\u00edtica y la ley. 2. Defender y promocionar los Derechos Humanos, entendidos como la unidad integral de derechos civiles y pol\u00edticos, econ\u00f3micos, sociales y culturales y de derechos colectivos, conforme a las normas constitucionales y a los tratados internacionales ratificados por Colombia. 3. Conocer, promover y respetar las normas consagradas en...\" \/>\n<meta property=\"og:url\" content=\"https:\/\/suapoderado.com\/index.php\/deberes-profesionales\/\" \/>\n<meta property=\"og:site_name\" content=\"Suapoderado\" \/>\n<meta property=\"article:modified_time\" content=\"2025-02-14T01:12:37+00:00\" \/>\n<meta name=\"twitter:card\" content=\"summary_large_image\" \/>\n<meta name=\"twitter:label1\" content=\"Tiempo de lectura\" \/>\n\t<meta name=\"twitter:data1\" content=\"4 minutos\" \/>\n<script type=\"application\/ld+json\" class=\"yoast-schema-graph\">{\"@context\":\"https:\/\/schema.org\",\"@graph\":[{\"@type\":\"WebPage\",\"@id\":\"https:\/\/suapoderado.com\/index.php\/deberes-profesionales\/\",\"url\":\"https:\/\/suapoderado.com\/index.php\/deberes-profesionales\/\",\"name\":\"Deberes Profesionales - Suapoderado\",\"isPartOf\":{\"@id\":\"https:\/\/suapoderado.com\/#website\"},\"datePublished\":\"2022-01-06T23:13:19+00:00\",\"dateModified\":\"2025-02-14T01:12:37+00:00\",\"breadcrumb\":{\"@id\":\"https:\/\/suapoderado.com\/index.php\/deberes-profesionales\/#breadcrumb\"},\"inLanguage\":\"es-CO\",\"potentialAction\":[{\"@type\":\"ReadAction\",\"target\":[\"https:\/\/suapoderado.com\/index.php\/deberes-profesionales\/\"]}]},{\"@type\":\"BreadcrumbList\",\"@id\":\"https:\/\/suapoderado.com\/index.php\/deberes-profesionales\/#breadcrumb\",\"itemListElement\":[{\"@type\":\"ListItem\",\"position\":1,\"name\":\"Inicio\",\"item\":\"https:\/\/suapoderado.com\/\"},{\"@type\":\"ListItem\",\"position\":2,\"name\":\"Deberes Profesionales\"}]},{\"@type\":\"WebSite\",\"@id\":\"https:\/\/suapoderado.com\/#website\",\"url\":\"https:\/\/suapoderado.com\/\",\"name\":\"Suapoderado\",\"description\":\"Ferrer &amp; Hern\u00e1ndez Abogados\",\"publisher\":{\"@id\":\"https:\/\/suapoderado.com\/#organization\"},\"potentialAction\":[{\"@type\":\"SearchAction\",\"target\":{\"@type\":\"EntryPoint\",\"urlTemplate\":\"https:\/\/suapoderado.com\/?s={search_term_string}\"},\"query-input\":{\"@type\":\"PropertyValueSpecification\",\"valueRequired\":true,\"valueName\":\"search_term_string\"}}],\"inLanguage\":\"es-CO\"},{\"@type\":\"Organization\",\"@id\":\"https:\/\/suapoderado.com\/#organization\",\"name\":\"Suapoderado\",\"alternateName\":\"Ferrer & Hernandez Abogados\",\"url\":\"https:\/\/suapoderado.com\/\",\"logo\":{\"@type\":\"ImageObject\",\"inLanguage\":\"es-CO\",\"@id\":\"https:\/\/suapoderado.com\/#\/schema\/logo\/image\/\",\"url\":\"http:\/\/www.suapoderado.com\/wp-content\/uploads\/2025\/02\/favicon_suapoderado_final_48x48.png\",\"contentUrl\":\"http:\/\/www.suapoderado.com\/wp-content\/uploads\/2025\/02\/favicon_suapoderado_final_48x48.png\",\"width\":48,\"height\":48,\"caption\":\"Suapoderado\"},\"image\":{\"@id\":\"https:\/\/suapoderado.com\/#\/schema\/logo\/image\/\"}}]}<\/script>\n<!-- \/ Yoast SEO plugin. -->","yoast_head_json":{"title":"Deberes Profesionales - Suapoderado","robots":{"index":"index","follow":"follow","max-snippet":"max-snippet:-1","max-image-preview":"max-image-preview:large","max-video-preview":"max-video-preview:-1"},"canonical":"https:\/\/suapoderado.com\/index.php\/deberes-profesionales\/","og_locale":"es_ES","og_type":"article","og_title":"Deberes Profesionales - Suapoderado","og_description":"1. Observar la Constituci\u00f3n Pol\u00edtica y la ley. 2. Defender y promocionar los Derechos Humanos, entendidos como la unidad integral de derechos civiles y pol\u00edticos, econ\u00f3micos, sociales y culturales y de derechos colectivos, conforme a las normas constitucionales y a los tratados internacionales ratificados por Colombia. 3. Conocer, promover y respetar las normas consagradas en...","og_url":"https:\/\/suapoderado.com\/index.php\/deberes-profesionales\/","og_site_name":"Suapoderado","article_modified_time":"2025-02-14T01:12:37+00:00","twitter_card":"summary_large_image","twitter_misc":{"Tiempo de lectura":"4 minutos"},"schema":{"@context":"https:\/\/schema.org","@graph":[{"@type":"WebPage","@id":"https:\/\/suapoderado.com\/index.php\/deberes-profesionales\/","url":"https:\/\/suapoderado.com\/index.php\/deberes-profesionales\/","name":"Deberes Profesionales - Suapoderado","isPartOf":{"@id":"https:\/\/suapoderado.com\/#website"},"datePublished":"2022-01-06T23:13:19+00:00","dateModified":"2025-02-14T01:12:37+00:00","breadcrumb":{"@id":"https:\/\/suapoderado.com\/index.php\/deberes-profesionales\/#breadcrumb"},"inLanguage":"es-CO","potentialAction":[{"@type":"ReadAction","target":["https:\/\/suapoderado.com\/index.php\/deberes-profesionales\/"]}]},{"@type":"BreadcrumbList","@id":"https:\/\/suapoderado.com\/index.php\/deberes-profesionales\/#breadcrumb","itemListElement":[{"@type":"ListItem","position":1,"name":"Inicio","item":"https:\/\/suapoderado.com\/"},{"@type":"ListItem","position":2,"name":"Deberes Profesionales"}]},{"@type":"WebSite","@id":"https:\/\/suapoderado.com\/#website","url":"https:\/\/suapoderado.com\/","name":"Suapoderado","description":"Ferrer &amp; Hern\u00e1ndez Abogados","publisher":{"@id":"https:\/\/suapoderado.com\/#organization"},"potentialAction":[{"@type":"SearchAction","target":{"@type":"EntryPoint","urlTemplate":"https:\/\/suapoderado.com\/?s={search_term_string}"},"query-input":{"@type":"PropertyValueSpecification","valueRequired":true,"valueName":"search_term_string"}}],"inLanguage":"es-CO"},{"@type":"Organization","@id":"https:\/\/suapoderado.com\/#organization","name":"Suapoderado","alternateName":"Ferrer & Hernandez Abogados","url":"https:\/\/suapoderado.com\/","logo":{"@type":"ImageObject","inLanguage":"es-CO","@id":"https:\/\/suapoderado.com\/#\/schema\/logo\/image\/","url":"http:\/\/www.suapoderado.com\/wp-content\/uploads\/2025\/02\/favicon_suapoderado_final_48x48.png","contentUrl":"http:\/\/www.suapoderado.com\/wp-content\/uploads\/2025\/02\/favicon_suapoderado_final_48x48.png","width":48,"height":48,"caption":"Suapoderado"},"image":{"@id":"https:\/\/suapoderado.com\/#\/schema\/logo\/image\/"}}]}},"_links":{"self":[{"href":"https:\/\/suapoderado.com\/index.php\/wp-json\/wp\/v2\/pages\/1215","targetHints":{"allow":["GET"]}}],"collection":[{"href":"https:\/\/suapoderado.com\/index.php\/wp-json\/wp\/v2\/pages"}],"about":[{"href":"https:\/\/suapoderado.com\/index.php\/wp-json\/wp\/v2\/types\/page"}],"author":[{"embeddable":true,"href":"https:\/\/suapoderado.com\/index.php\/wp-json\/wp\/v2\/users\/1"}],"replies":[{"embeddable":true,"href":"https:\/\/suapoderado.com\/index.php\/wp-json\/wp\/v2\/comments?post=1215"}],"version-history":[{"count":12,"href":"https:\/\/suapoderado.com\/index.php\/wp-json\/wp\/v2\/pages\/1215\/revisions"}],"predecessor-version":[{"id":3549,"href":"https:\/\/suapoderado.com\/index.php\/wp-json\/wp\/v2\/pages\/1215\/revisions\/3549"}],"wp:attachment":[{"href":"https:\/\/suapoderado.com\/index.php\/wp-json\/wp\/v2\/media?parent=1215"}],"curies":[{"name":"wp","href":"https:\/\/api.w.org\/{rel}","templated":true}]}}