{"id":2150,"date":"2024-04-14T19:33:20","date_gmt":"2024-04-14T19:33:20","guid":{"rendered":"https:\/\/www.suapoderado.com\/?page_id=2150"},"modified":"2024-04-17T01:01:55","modified_gmt":"2024-04-17T01:01:55","slug":"presuncion-iuris-tantum-art-24-cst","status":"publish","type":"page","link":"https:\/\/suapoderado.com\/index.php\/presuncion-iuris-tantum-art-24-cst\/","title":{"rendered":"Presunci\u00f3n,\u00a0iuris tantum, Art. 24 CST"},"content":{"rendered":"\n<div style=\"height:100px\" aria-hidden=\"true\" class=\"wp-block-spacer\"><\/div>\n\n\n\n<p class=\"has-larger-font-size\"><strong>Noticias Laborales<\/strong><\/p>\n\n\n\n<div style=\"height:100px\" aria-hidden=\"true\" class=\"wp-block-spacer\"><\/div>\n\n\n\n<div class=\"wp-block-columns is-layout-flex wp-container-core-columns-is-layout-1 wp-block-columns-is-layout-flex\">\n<div class=\"wp-block-column is-layout-flow wp-block-column-is-layout-flow\">\n<div class=\"wp-block-cover is-repeated\"><span aria-hidden=\"true\" class=\"wp-block-cover__background has-background-dim\"><\/span><div class=\"wp-block-cover__image-background wp-image-1920 is-repeated\" style=\"background-position:50% 50%;background-image:url(http:\/\/www.suapoderado.com\/wp-content\/uploads\/2024\/02\/8fb65083-f1ce-4768-bff3-953d644b6bc1-1.jpg)\"><\/div><div class=\"wp-block-cover__inner-container is-layout-flow wp-block-cover-is-layout-flow\">\n<p class=\"has-text-align-center has-large-font-size\"><\/p>\n<\/div><\/div>\n<\/div>\n\n\n\n<div class=\"wp-block-column textojustificado is-layout-flow wp-block-column-is-layout-flow\">\n<p class=\"textojustificado\">La Empresas de Servicios Temporales. (EST) tienen a su cargo la prestaci\u00f3n de servicios transitorios en la empresa cliente, en actividades propias o ajenas al giro habitual de la misma por tiempo limitado.\u00a0Suele pensarse que las usuarias pueden contratar con las EST cualquier actividad permanente siempre que no exceda el lapso de 1 a\u00f1o; sin embargo, esta visi\u00f3n es equivocada dado que solo puede acudirse a esta figura de intermediaci\u00f3n laboral para el desarrollo de labores netamente temporales, sean o no del giro ordinario de la empresa, determinadas por circunstancias excepcionales tales como i)trabajos ocasionales, ii)reemplazos de personal ausente o iii) incrementos en la producci\u00f3n o en los\u00a0servicios.<\/p>\n<\/div>\n<\/div>\n\n\n\n<div class=\"wp-block-group\"><div class=\"wp-block-group__inner-container is-layout-constrained wp-block-group-is-layout-constrained\">\n<div style=\"height:100px\" aria-hidden=\"true\" class=\"wp-block-spacer textojustificado\"><\/div>\n<\/div><\/div>\n\n\n\n<figure class=\"wp-block-image size-full\"><img fetchpriority=\"high\" decoding=\"async\" width=\"1024\" height=\"1024\" src=\"http:\/\/www.suapoderado.com\/wp-content\/uploads\/2024\/02\/1664f906-1829-49af-aace-56b07c49302f-1.jpg\" alt=\"\" class=\"wp-image-1912\" srcset=\"https:\/\/suapoderado.com\/wp-content\/uploads\/2024\/02\/1664f906-1829-49af-aace-56b07c49302f-1.jpg 1024w, https:\/\/suapoderado.com\/wp-content\/uploads\/2024\/02\/1664f906-1829-49af-aace-56b07c49302f-1-300x300.jpg 300w, https:\/\/suapoderado.com\/wp-content\/uploads\/2024\/02\/1664f906-1829-49af-aace-56b07c49302f-1-150x150.jpg 150w, https:\/\/suapoderado.com\/wp-content\/uploads\/2024\/02\/1664f906-1829-49af-aace-56b07c49302f-1-768x768.jpg 768w\" sizes=\"(max-width: 1024px) 100vw, 1024px\" \/><\/figure>\n\n\n\n<h2 class=\"wp-block-heading\">Presunci\u00f3n,&nbsp;iuris tantum, Art. 24 CST.<\/h2>\n\n\n\n<p class=\"textojustificado\">La Sala Laboral, CSJ, en providencia CSJ SL, del 1.\u00ba de jul. de 2009, rad. 30437, record\u00f3 que desde sus or\u00edgenes, tiene adoctrinado que, como cabal desarrollo del car\u00e1cter tuitivo de las normas sobre trabajo humano, para darle seguridad a las relaciones laborales y garantizar la plena protecci\u00f3n de los derechos laborales del trabajador, el art\u00edculo 20 del Decreto 2127 de 1945, siendo el art\u00edculo 24 del CST su equivalente en el r\u00e9gimen particular, consagra una importante ventaja probatoria para quien invoque su condici\u00f3n de trabajador, consistente en que, con la simple demostraci\u00f3n de la prestaci\u00f3n del servicio a una persona natural o jur\u00eddica se presume,&nbsp;iuris tantum, el contrato de trabajo sin que sea necesario probar la subordinaci\u00f3n o dependencia laboral. Dicho en breve, y sin tapujo alguno, en ning\u00fan caso quien presta un servicio est\u00e1 obligado a probar que lo hizo bajo continuada dependencia y subordinaci\u00f3n para que la relaci\u00f3n surgida pueda entenderse gobernada por un contrato de trabajo.<\/p>\n","protected":false},"excerpt":{"rendered":"<p>Noticias Laborales La Empresas de Servicios Temporales. (EST) tienen a su cargo la prestaci\u00f3n de servicios transitorios en la empresa cliente, en actividades propias o ajenas al giro habitual de la misma por tiempo limitado.\u00a0Suele pensarse que las usuarias pueden contratar con las EST cualquier actividad permanente siempre que no exceda el lapso de 1&#8230;<\/p>\n","protected":false},"author":1,"featured_media":0,"parent":0,"menu_order":0,"comment_status":"closed","ping_status":"closed","template":"","meta":{"_kadence_starter_templates_imported_post":false,"_kad_post_transparent":"","_kad_post_title":"","_kad_post_layout":"","_kad_post_sidebar_id":"","_kad_post_content_style":"","_kad_post_vertical_padding":"","_kad_post_feature":"","_kad_post_feature_position":"","_kad_post_header":false,"_kad_post_footer":false,"footnotes":""},"class_list":["post-2150","page","type-page","status-publish","hentry"],"yoast_head":"<!-- This site is optimized with the Yoast SEO plugin v24.6 - https:\/\/yoast.com\/wordpress\/plugins\/seo\/ -->\n<title>Presunci\u00f3n,\u00a0iuris tantum, Art. 24 CST - Suapoderado<\/title>\n<meta name=\"robots\" content=\"index, follow, max-snippet:-1, max-image-preview:large, max-video-preview:-1\" \/>\n<link rel=\"canonical\" href=\"https:\/\/suapoderado.com\/index.php\/presuncion-iuris-tantum-art-24-cst\/\" \/>\n<meta property=\"og:locale\" content=\"es_ES\" \/>\n<meta property=\"og:type\" content=\"article\" \/>\n<meta property=\"og:title\" content=\"Presunci\u00f3n,\u00a0iuris tantum, Art. 24 CST - Suapoderado\" \/>\n<meta property=\"og:description\" content=\"Noticias Laborales La Empresas de Servicios Temporales. (EST) tienen a su cargo la prestaci\u00f3n de servicios transitorios en la empresa cliente, en actividades propias o ajenas al giro habitual de la misma por tiempo limitado.\u00a0Suele pensarse que las usuarias pueden contratar con las EST cualquier actividad permanente siempre que no exceda el lapso de 1...\" \/>\n<meta property=\"og:url\" content=\"https:\/\/suapoderado.com\/index.php\/presuncion-iuris-tantum-art-24-cst\/\" \/>\n<meta property=\"og:site_name\" content=\"Suapoderado\" \/>\n<meta property=\"article:modified_time\" content=\"2024-04-17T01:01:55+00:00\" \/>\n<meta property=\"og:image\" content=\"http:\/\/www.suapoderado.com\/wp-content\/uploads\/2024\/02\/1664f906-1829-49af-aace-56b07c49302f-1.jpg\" \/>\n<meta name=\"twitter:card\" content=\"summary_large_image\" \/>\n<meta name=\"twitter:label1\" content=\"Tiempo de lectura\" \/>\n\t<meta name=\"twitter:data1\" content=\"1 minuto\" \/>\n<script type=\"application\/ld+json\" class=\"yoast-schema-graph\">{\"@context\":\"https:\/\/schema.org\",\"@graph\":[{\"@type\":\"WebPage\",\"@id\":\"https:\/\/suapoderado.com\/index.php\/presuncion-iuris-tantum-art-24-cst\/\",\"url\":\"https:\/\/suapoderado.com\/index.php\/presuncion-iuris-tantum-art-24-cst\/\",\"name\":\"Presunci\u00f3n,\u00a0iuris tantum, Art. 24 CST - Suapoderado\",\"isPartOf\":{\"@id\":\"https:\/\/suapoderado.com\/#website\"},\"primaryImageOfPage\":{\"@id\":\"https:\/\/suapoderado.com\/index.php\/presuncion-iuris-tantum-art-24-cst\/#primaryimage\"},\"image\":{\"@id\":\"https:\/\/suapoderado.com\/index.php\/presuncion-iuris-tantum-art-24-cst\/#primaryimage\"},\"thumbnailUrl\":\"http:\/\/www.suapoderado.com\/wp-content\/uploads\/2024\/02\/1664f906-1829-49af-aace-56b07c49302f-1.jpg\",\"datePublished\":\"2024-04-14T19:33:20+00:00\",\"dateModified\":\"2024-04-17T01:01:55+00:00\",\"breadcrumb\":{\"@id\":\"https:\/\/suapoderado.com\/index.php\/presuncion-iuris-tantum-art-24-cst\/#breadcrumb\"},\"inLanguage\":\"es-CO\",\"potentialAction\":[{\"@type\":\"ReadAction\",\"target\":[\"https:\/\/suapoderado.com\/index.php\/presuncion-iuris-tantum-art-24-cst\/\"]}]},{\"@type\":\"ImageObject\",\"inLanguage\":\"es-CO\",\"@id\":\"https:\/\/suapoderado.com\/index.php\/presuncion-iuris-tantum-art-24-cst\/#primaryimage\",\"url\":\"http:\/\/www.suapoderado.com\/wp-content\/uploads\/2024\/02\/1664f906-1829-49af-aace-56b07c49302f-1.jpg\",\"contentUrl\":\"http:\/\/www.suapoderado.com\/wp-content\/uploads\/2024\/02\/1664f906-1829-49af-aace-56b07c49302f-1.jpg\"},{\"@type\":\"BreadcrumbList\",\"@id\":\"https:\/\/suapoderado.com\/index.php\/presuncion-iuris-tantum-art-24-cst\/#breadcrumb\",\"itemListElement\":[{\"@type\":\"ListItem\",\"position\":1,\"name\":\"Inicio\",\"item\":\"https:\/\/suapoderado.com\/\"},{\"@type\":\"ListItem\",\"position\":2,\"name\":\"Presunci\u00f3n,\u00a0iuris tantum, Art. 24 CST\"}]},{\"@type\":\"WebSite\",\"@id\":\"https:\/\/suapoderado.com\/#website\",\"url\":\"https:\/\/suapoderado.com\/\",\"name\":\"Suapoderado\",\"description\":\"Ferrer &amp; Hern\u00e1ndez Abogados\",\"publisher\":{\"@id\":\"https:\/\/suapoderado.com\/#organization\"},\"potentialAction\":[{\"@type\":\"SearchAction\",\"target\":{\"@type\":\"EntryPoint\",\"urlTemplate\":\"https:\/\/suapoderado.com\/?s={search_term_string}\"},\"query-input\":{\"@type\":\"PropertyValueSpecification\",\"valueRequired\":true,\"valueName\":\"search_term_string\"}}],\"inLanguage\":\"es-CO\"},{\"@type\":\"Organization\",\"@id\":\"https:\/\/suapoderado.com\/#organization\",\"name\":\"Suapoderado\",\"alternateName\":\"Ferrer & Hernandez Abogados\",\"url\":\"https:\/\/suapoderado.com\/\",\"logo\":{\"@type\":\"ImageObject\",\"inLanguage\":\"es-CO\",\"@id\":\"https:\/\/suapoderado.com\/#\/schema\/logo\/image\/\",\"url\":\"http:\/\/www.suapoderado.com\/wp-content\/uploads\/2025\/02\/favicon_suapoderado_final_48x48.png\",\"contentUrl\":\"http:\/\/www.suapoderado.com\/wp-content\/uploads\/2025\/02\/favicon_suapoderado_final_48x48.png\",\"width\":48,\"height\":48,\"caption\":\"Suapoderado\"},\"image\":{\"@id\":\"https:\/\/suapoderado.com\/#\/schema\/logo\/image\/\"}}]}<\/script>\n<!-- \/ Yoast SEO plugin. -->","yoast_head_json":{"title":"Presunci\u00f3n,\u00a0iuris tantum, Art. 24 CST - Suapoderado","robots":{"index":"index","follow":"follow","max-snippet":"max-snippet:-1","max-image-preview":"max-image-preview:large","max-video-preview":"max-video-preview:-1"},"canonical":"https:\/\/suapoderado.com\/index.php\/presuncion-iuris-tantum-art-24-cst\/","og_locale":"es_ES","og_type":"article","og_title":"Presunci\u00f3n,\u00a0iuris tantum, Art. 24 CST - Suapoderado","og_description":"Noticias Laborales La Empresas de Servicios Temporales. (EST) tienen a su cargo la prestaci\u00f3n de servicios transitorios en la empresa cliente, en actividades propias o ajenas al giro habitual de la misma por tiempo limitado.\u00a0Suele pensarse que las usuarias pueden contratar con las EST cualquier actividad permanente siempre que no exceda el lapso de 1...","og_url":"https:\/\/suapoderado.com\/index.php\/presuncion-iuris-tantum-art-24-cst\/","og_site_name":"Suapoderado","article_modified_time":"2024-04-17T01:01:55+00:00","og_image":[{"url":"http:\/\/www.suapoderado.com\/wp-content\/uploads\/2024\/02\/1664f906-1829-49af-aace-56b07c49302f-1.jpg","type":"","width":"","height":""}],"twitter_card":"summary_large_image","twitter_misc":{"Tiempo de lectura":"1 minuto"},"schema":{"@context":"https:\/\/schema.org","@graph":[{"@type":"WebPage","@id":"https:\/\/suapoderado.com\/index.php\/presuncion-iuris-tantum-art-24-cst\/","url":"https:\/\/suapoderado.com\/index.php\/presuncion-iuris-tantum-art-24-cst\/","name":"Presunci\u00f3n,\u00a0iuris tantum, Art. 24 CST - Suapoderado","isPartOf":{"@id":"https:\/\/suapoderado.com\/#website"},"primaryImageOfPage":{"@id":"https:\/\/suapoderado.com\/index.php\/presuncion-iuris-tantum-art-24-cst\/#primaryimage"},"image":{"@id":"https:\/\/suapoderado.com\/index.php\/presuncion-iuris-tantum-art-24-cst\/#primaryimage"},"thumbnailUrl":"http:\/\/www.suapoderado.com\/wp-content\/uploads\/2024\/02\/1664f906-1829-49af-aace-56b07c49302f-1.jpg","datePublished":"2024-04-14T19:33:20+00:00","dateModified":"2024-04-17T01:01:55+00:00","breadcrumb":{"@id":"https:\/\/suapoderado.com\/index.php\/presuncion-iuris-tantum-art-24-cst\/#breadcrumb"},"inLanguage":"es-CO","potentialAction":[{"@type":"ReadAction","target":["https:\/\/suapoderado.com\/index.php\/presuncion-iuris-tantum-art-24-cst\/"]}]},{"@type":"ImageObject","inLanguage":"es-CO","@id":"https:\/\/suapoderado.com\/index.php\/presuncion-iuris-tantum-art-24-cst\/#primaryimage","url":"http:\/\/www.suapoderado.com\/wp-content\/uploads\/2024\/02\/1664f906-1829-49af-aace-56b07c49302f-1.jpg","contentUrl":"http:\/\/www.suapoderado.com\/wp-content\/uploads\/2024\/02\/1664f906-1829-49af-aace-56b07c49302f-1.jpg"},{"@type":"BreadcrumbList","@id":"https:\/\/suapoderado.com\/index.php\/presuncion-iuris-tantum-art-24-cst\/#breadcrumb","itemListElement":[{"@type":"ListItem","position":1,"name":"Inicio","item":"https:\/\/suapoderado.com\/"},{"@type":"ListItem","position":2,"name":"Presunci\u00f3n,\u00a0iuris tantum, Art. 24 CST"}]},{"@type":"WebSite","@id":"https:\/\/suapoderado.com\/#website","url":"https:\/\/suapoderado.com\/","name":"Suapoderado","description":"Ferrer &amp; Hern\u00e1ndez Abogados","publisher":{"@id":"https:\/\/suapoderado.com\/#organization"},"potentialAction":[{"@type":"SearchAction","target":{"@type":"EntryPoint","urlTemplate":"https:\/\/suapoderado.com\/?s={search_term_string}"},"query-input":{"@type":"PropertyValueSpecification","valueRequired":true,"valueName":"search_term_string"}}],"inLanguage":"es-CO"},{"@type":"Organization","@id":"https:\/\/suapoderado.com\/#organization","name":"Suapoderado","alternateName":"Ferrer & Hernandez Abogados","url":"https:\/\/suapoderado.com\/","logo":{"@type":"ImageObject","inLanguage":"es-CO","@id":"https:\/\/suapoderado.com\/#\/schema\/logo\/image\/","url":"http:\/\/www.suapoderado.com\/wp-content\/uploads\/2025\/02\/favicon_suapoderado_final_48x48.png","contentUrl":"http:\/\/www.suapoderado.com\/wp-content\/uploads\/2025\/02\/favicon_suapoderado_final_48x48.png","width":48,"height":48,"caption":"Suapoderado"},"image":{"@id":"https:\/\/suapoderado.com\/#\/schema\/logo\/image\/"}}]}},"_links":{"self":[{"href":"https:\/\/suapoderado.com\/index.php\/wp-json\/wp\/v2\/pages\/2150","targetHints":{"allow":["GET"]}}],"collection":[{"href":"https:\/\/suapoderado.com\/index.php\/wp-json\/wp\/v2\/pages"}],"about":[{"href":"https:\/\/suapoderado.com\/index.php\/wp-json\/wp\/v2\/types\/page"}],"author":[{"embeddable":true,"href":"https:\/\/suapoderado.com\/index.php\/wp-json\/wp\/v2\/users\/1"}],"replies":[{"embeddable":true,"href":"https:\/\/suapoderado.com\/index.php\/wp-json\/wp\/v2\/comments?post=2150"}],"version-history":[{"count":10,"href":"https:\/\/suapoderado.com\/index.php\/wp-json\/wp\/v2\/pages\/2150\/revisions"}],"predecessor-version":[{"id":2201,"href":"https:\/\/suapoderado.com\/index.php\/wp-json\/wp\/v2\/pages\/2150\/revisions\/2201"}],"wp:attachment":[{"href":"https:\/\/suapoderado.com\/index.php\/wp-json\/wp\/v2\/media?parent=2150"}],"curies":[{"name":"wp","href":"https:\/\/api.w.org\/{rel}","templated":true}]}}