{"id":2396,"date":"2025-01-06T09:43:38","date_gmt":"2025-01-06T09:43:38","guid":{"rendered":"https:\/\/www.suapoderado.com\/?page_id=2396"},"modified":"2025-02-16T23:20:14","modified_gmt":"2025-02-16T23:20:14","slug":"membership-login-2","status":"publish","type":"page","link":"https:\/\/suapoderado.com\/index.php\/membership-login-2\/","title":{"rendered":"membership-login\/"},"content":{"rendered":"\n<!DOCTYPE html>\n<html lang=\"es\">\n<head>\n  <meta charset=\"UTF-8\">\n  <meta name=\"viewport\" content=\"width=device-width, initial-scale=1\">\n  <title>Acceso a Miembros &#8211; SuApoderado<\/title>\n  <style>\n    body {\n      margin: 0;\n      padding: 0;\n      font-family: Arial, sans-serif;\n      background-color: #f4f4f4;\n      color: #333;\n      line-height: 1.6;\n    }\n    header {\n      background: linear-gradient(135deg, #2980b9, #3498db);\n      color: #fff;\n      padding: 20px 0;\n      text-align: center;\n    }\n    header h1 {\n      margin: 0;\n      font-size: 2.5rem;\n    }\n    .container {\n      max-width: 1200px;\n      margin: 40px auto;\n      padding: 30px;\n      background: linear-gradient(135deg, #2980b9, #3498db);\n      border: 2px solid #e67e22;\n      border-radius: 15px;\n      box-shadow: 0 8px 20px rgba(0,0,0,0.15);\n      color: #fff;\n    }\n    \/* Secci\u00f3n superior: Login en dos columnas (imagen a la izquierda y formulario a la derecha) *\/\n    .top-section {\n      display: flex;\n      flex-wrap: wrap;\n      align-items: center;\n      margin-bottom: 30px;\n    }\n    .top-section .image-left {\n      flex: 1;\n      min-width: 300px;\n      text-align: center;\n    }\n    .top-section .image-left img {\n      width: 80%;\n      max-width: 300px;\n      height: auto;\n      border-radius: 8px;\n    }\n    .top-section .form-right {\n      flex: 2;\n      min-width: 300px;\n      padding: 20px;\n    }\n    .top-section .form-right h2 {\n      font-size: 2rem;\n      margin-bottom: 15px;\n      color: #000; \/* T\u00edtulos en negro *\/\n    }\n    .top-section .form-right p {\n      font-size: 1.2rem;\n      margin-bottom: 15px;\n      text-align: justify;\n    }\n    \/* Secci\u00f3n inferior: Informaci\u00f3n adicional *\/\n    .bottom-section {\n      margin-top: 20px;\n      text-align: center;\n    }\n    .bottom-section h2 {\n      font-size: 2rem;\n      margin-bottom: 20px;\n      color: #000; \/* T\u00edtulos en negro *\/\n    }\n    .bottom-section p {\n      font-size: 1.2rem;\n      margin-bottom: 20px;\n    }\n    .cta a {\n      background: #e67e22;\n      color: #fff;\n      padding: 15px 30px;\n      text-decoration: none;\n      font-size: 1.2rem;\n      border-radius: 5px;\n      transition: background 0.3s ease;\n    }\n    .cta a:hover {\n      background: #cf5f1a;\n    }\n    @media (max-width: 768px) {\n      .top-section {\n        flex-direction: column;\n      }\n      .top-section .form-right {\n        padding: 10px;\n      }\n      header h1 {\n        font-size: 2rem;\n      }\n      .top-section .form-right h2, .bottom-section h2 {\n        font-size: 1.8rem;\n      }\n      .top-section .form-right p, .bottom-section p, .cta a {\n        font-size: 1rem;\n      }\n    }\n  <\/style>\n<\/head>\n<body>\n  <header>\n    <h1>Acceso a Miembros<\/h1>\n  <\/header>\n  <div class=\"container\">\n    <!-- Secci\u00f3n superior: Imagen a la izquierda y formulario de login a la derecha -->\n    <div class=\"top-section\">\n      <div class=\"image-left\">\n        <img decoding=\"async\" src=\"https:\/\/suapoderado.com\/wp-content\/uploads\/2025\/02\/DALL\u00b7E-2025-02-16-18.16.51-A-minimalist-law-office-with-a-modern-membership-access-system.-The-office-has-a-sleek-uncluttered-reception-desk-with-a-digital-access-panel-for-mem.webp\" alt=\"Imagen Acceso Miembros\">\n      <\/div>\n      <div class=\"form-right\">\n        <h2>Ingresa a tu Panel<\/h2>\n        <p>\n          Accede a contenido exclusivo, recursos legales y asesor\u00eda personalizada para nuestros miembros.\n        <\/p>\n        <!-- Integraci\u00f3n del formulario de login mediante shortcode de Swpm -->\n        <?php echo do_shortcode('[swpm_login_form]'); ?>\n      <\/div>\n    <\/div>\n    <!-- Secci\u00f3n inferior: Informaci\u00f3n adicional y llamada a la acci\u00f3n -->\n    <div class=\"bottom-section\">\n      <h2>\u00bfNecesitas Ayuda?<\/h2>\n      <p>\n        Si tienes dudas o necesitas asistencia, nuestro equipo est\u00e1 listo para ayudarte. \u00a1No dudes en contactarnos!\n      <\/p>\n      <div class=\"cta\">\n        <a href=\"https:\/\/suapoderado.com\/index.php\/contactanos\/\">Cont\u00e1ctanos<\/a>\n      <\/div>\n    <\/div>\n  <\/div>\n<\/body>\n<\/html>\n\n","protected":false},"excerpt":{"rendered":"<p>Acceso a Miembros &#8211; SuApoderado Acceso a Miembros Ingresa a tu Panel Accede a contenido exclusivo, recursos legales y asesor\u00eda personalizada para nuestros miembros. \u00bfNecesitas Ayuda? Si tienes dudas o necesitas asistencia, nuestro equipo est\u00e1 listo para ayudarte. \u00a1No dudes en contactarnos! Cont\u00e1ctanos<\/p>\n","protected":false},"author":1,"featured_media":0,"parent":0,"menu_order":0,"comment_status":"closed","ping_status":"closed","template":"","meta":{"_kadence_starter_templates_imported_post":false,"_kad_post_transparent":"","_kad_post_title":"","_kad_post_layout":"","_kad_post_sidebar_id":"","_kad_post_content_style":"","_kad_post_vertical_padding":"","_kad_post_feature":"","_kad_post_feature_position":"","_kad_post_header":false,"_kad_post_footer":false,"footnotes":""},"class_list":["post-2396","page","type-page","status-publish","hentry"],"yoast_head":"<!-- This site is optimized with the Yoast SEO plugin v24.6 - https:\/\/yoast.com\/wordpress\/plugins\/seo\/ -->\n<title>membership-login\/ - Suapoderado<\/title>\n<meta name=\"robots\" content=\"index, follow, max-snippet:-1, max-image-preview:large, max-video-preview:-1\" \/>\n<link rel=\"canonical\" href=\"https:\/\/suapoderado.com\/index.php\/membership-login-2\/\" \/>\n<meta property=\"og:locale\" content=\"es_ES\" \/>\n<meta property=\"og:type\" content=\"article\" \/>\n<meta property=\"og:title\" content=\"membership-login\/ - Suapoderado\" \/>\n<meta property=\"og:description\" content=\"Acceso a Miembros &#8211; SuApoderado Acceso a Miembros Ingresa a tu Panel Accede a contenido exclusivo, recursos legales y asesor\u00eda personalizada para nuestros miembros. \u00bfNecesitas Ayuda? Si tienes dudas o necesitas asistencia, nuestro equipo est\u00e1 listo para ayudarte. \u00a1No dudes en contactarnos! Cont\u00e1ctanos\" \/>\n<meta property=\"og:url\" content=\"https:\/\/suapoderado.com\/index.php\/membership-login-2\/\" \/>\n<meta property=\"og:site_name\" content=\"Suapoderado\" \/>\n<meta property=\"article:modified_time\" content=\"2025-02-16T23:20:14+00:00\" \/>\n<meta name=\"twitter:card\" content=\"summary_large_image\" \/>\n<meta name=\"twitter:label1\" content=\"Tiempo de lectura\" \/>\n\t<meta name=\"twitter:data1\" content=\"1 minuto\" \/>\n<script type=\"application\/ld+json\" class=\"yoast-schema-graph\">{\"@context\":\"https:\/\/schema.org\",\"@graph\":[{\"@type\":\"WebPage\",\"@id\":\"https:\/\/suapoderado.com\/index.php\/membership-login-2\/\",\"url\":\"https:\/\/suapoderado.com\/index.php\/membership-login-2\/\",\"name\":\"membership-login\/ - Suapoderado\",\"isPartOf\":{\"@id\":\"https:\/\/suapoderado.com\/#website\"},\"datePublished\":\"2025-01-06T09:43:38+00:00\",\"dateModified\":\"2025-02-16T23:20:14+00:00\",\"breadcrumb\":{\"@id\":\"https:\/\/suapoderado.com\/index.php\/membership-login-2\/#breadcrumb\"},\"inLanguage\":\"es-CO\",\"potentialAction\":[{\"@type\":\"ReadAction\",\"target\":[\"https:\/\/suapoderado.com\/index.php\/membership-login-2\/\"]}]},{\"@type\":\"BreadcrumbList\",\"@id\":\"https:\/\/suapoderado.com\/index.php\/membership-login-2\/#breadcrumb\",\"itemListElement\":[{\"@type\":\"ListItem\",\"position\":1,\"name\":\"Inicio\",\"item\":\"https:\/\/suapoderado.com\/\"},{\"@type\":\"ListItem\",\"position\":2,\"name\":\"membership-login\/\"}]},{\"@type\":\"WebSite\",\"@id\":\"https:\/\/suapoderado.com\/#website\",\"url\":\"https:\/\/suapoderado.com\/\",\"name\":\"Suapoderado\",\"description\":\"Ferrer &amp; Hern\u00e1ndez Abogados\",\"publisher\":{\"@id\":\"https:\/\/suapoderado.com\/#organization\"},\"potentialAction\":[{\"@type\":\"SearchAction\",\"target\":{\"@type\":\"EntryPoint\",\"urlTemplate\":\"https:\/\/suapoderado.com\/?s={search_term_string}\"},\"query-input\":{\"@type\":\"PropertyValueSpecification\",\"valueRequired\":true,\"valueName\":\"search_term_string\"}}],\"inLanguage\":\"es-CO\"},{\"@type\":\"Organization\",\"@id\":\"https:\/\/suapoderado.com\/#organization\",\"name\":\"Suapoderado\",\"alternateName\":\"Ferrer & Hernandez Abogados\",\"url\":\"https:\/\/suapoderado.com\/\",\"logo\":{\"@type\":\"ImageObject\",\"inLanguage\":\"es-CO\",\"@id\":\"https:\/\/suapoderado.com\/#\/schema\/logo\/image\/\",\"url\":\"http:\/\/www.suapoderado.com\/wp-content\/uploads\/2025\/02\/favicon_suapoderado_final_48x48.png\",\"contentUrl\":\"http:\/\/www.suapoderado.com\/wp-content\/uploads\/2025\/02\/favicon_suapoderado_final_48x48.png\",\"width\":48,\"height\":48,\"caption\":\"Suapoderado\"},\"image\":{\"@id\":\"https:\/\/suapoderado.com\/#\/schema\/logo\/image\/\"}}]}<\/script>\n<!-- \/ Yoast SEO plugin. -->","yoast_head_json":{"title":"membership-login\/ - Suapoderado","robots":{"index":"index","follow":"follow","max-snippet":"max-snippet:-1","max-image-preview":"max-image-preview:large","max-video-preview":"max-video-preview:-1"},"canonical":"https:\/\/suapoderado.com\/index.php\/membership-login-2\/","og_locale":"es_ES","og_type":"article","og_title":"membership-login\/ - Suapoderado","og_description":"Acceso a Miembros &#8211; SuApoderado Acceso a Miembros Ingresa a tu Panel Accede a contenido exclusivo, recursos legales y asesor\u00eda personalizada para nuestros miembros. \u00bfNecesitas Ayuda? Si tienes dudas o necesitas asistencia, nuestro equipo est\u00e1 listo para ayudarte. \u00a1No dudes en contactarnos! Cont\u00e1ctanos","og_url":"https:\/\/suapoderado.com\/index.php\/membership-login-2\/","og_site_name":"Suapoderado","article_modified_time":"2025-02-16T23:20:14+00:00","twitter_card":"summary_large_image","twitter_misc":{"Tiempo de lectura":"1 minuto"},"schema":{"@context":"https:\/\/schema.org","@graph":[{"@type":"WebPage","@id":"https:\/\/suapoderado.com\/index.php\/membership-login-2\/","url":"https:\/\/suapoderado.com\/index.php\/membership-login-2\/","name":"membership-login\/ - Suapoderado","isPartOf":{"@id":"https:\/\/suapoderado.com\/#website"},"datePublished":"2025-01-06T09:43:38+00:00","dateModified":"2025-02-16T23:20:14+00:00","breadcrumb":{"@id":"https:\/\/suapoderado.com\/index.php\/membership-login-2\/#breadcrumb"},"inLanguage":"es-CO","potentialAction":[{"@type":"ReadAction","target":["https:\/\/suapoderado.com\/index.php\/membership-login-2\/"]}]},{"@type":"BreadcrumbList","@id":"https:\/\/suapoderado.com\/index.php\/membership-login-2\/#breadcrumb","itemListElement":[{"@type":"ListItem","position":1,"name":"Inicio","item":"https:\/\/suapoderado.com\/"},{"@type":"ListItem","position":2,"name":"membership-login\/"}]},{"@type":"WebSite","@id":"https:\/\/suapoderado.com\/#website","url":"https:\/\/suapoderado.com\/","name":"Suapoderado","description":"Ferrer &amp; Hern\u00e1ndez Abogados","publisher":{"@id":"https:\/\/suapoderado.com\/#organization"},"potentialAction":[{"@type":"SearchAction","target":{"@type":"EntryPoint","urlTemplate":"https:\/\/suapoderado.com\/?s={search_term_string}"},"query-input":{"@type":"PropertyValueSpecification","valueRequired":true,"valueName":"search_term_string"}}],"inLanguage":"es-CO"},{"@type":"Organization","@id":"https:\/\/suapoderado.com\/#organization","name":"Suapoderado","alternateName":"Ferrer & Hernandez Abogados","url":"https:\/\/suapoderado.com\/","logo":{"@type":"ImageObject","inLanguage":"es-CO","@id":"https:\/\/suapoderado.com\/#\/schema\/logo\/image\/","url":"http:\/\/www.suapoderado.com\/wp-content\/uploads\/2025\/02\/favicon_suapoderado_final_48x48.png","contentUrl":"http:\/\/www.suapoderado.com\/wp-content\/uploads\/2025\/02\/favicon_suapoderado_final_48x48.png","width":48,"height":48,"caption":"Suapoderado"},"image":{"@id":"https:\/\/suapoderado.com\/#\/schema\/logo\/image\/"}}]}},"_links":{"self":[{"href":"https:\/\/suapoderado.com\/index.php\/wp-json\/wp\/v2\/pages\/2396","targetHints":{"allow":["GET"]}}],"collection":[{"href":"https:\/\/suapoderado.com\/index.php\/wp-json\/wp\/v2\/pages"}],"about":[{"href":"https:\/\/suapoderado.com\/index.php\/wp-json\/wp\/v2\/types\/page"}],"author":[{"embeddable":true,"href":"https:\/\/suapoderado.com\/index.php\/wp-json\/wp\/v2\/users\/1"}],"replies":[{"embeddable":true,"href":"https:\/\/suapoderado.com\/index.php\/wp-json\/wp\/v2\/comments?post=2396"}],"version-history":[{"count":2,"href":"https:\/\/suapoderado.com\/index.php\/wp-json\/wp\/v2\/pages\/2396\/revisions"}],"predecessor-version":[{"id":3746,"href":"https:\/\/suapoderado.com\/index.php\/wp-json\/wp\/v2\/pages\/2396\/revisions\/3746"}],"wp:attachment":[{"href":"https:\/\/suapoderado.com\/index.php\/wp-json\/wp\/v2\/media?parent=2396"}],"curies":[{"name":"wp","href":"https:\/\/api.w.org\/{rel}","templated":true}]}}