{"id":2535,"date":"2025-01-08T09:17:08","date_gmt":"2025-01-08T09:17:08","guid":{"rendered":"https:\/\/www.suapoderado.com\/?page_id=2535"},"modified":"2025-01-08T10:58:43","modified_gmt":"2025-01-08T10:58:43","slug":"mapa-del-sitio","status":"publish","type":"page","link":"https:\/\/suapoderado.com\/index.php\/mapa-del-sitio\/","title":{"rendered":"Mapa del Sitio"},"content":{"rendered":"<div class=\"wsp-container\"><h2 class=\"wsp-pages-title\">Pages<\/h2>\n<ul class=\"wsp-pages-list\">\n<li class=\"page_item page-item-3569\"><a href=\"https:\/\/suapoderado.com\/index.php\/no-ves-una-vacante-adecuada\/\">\u00bfNo ves una vacante adecuada?<\/a><\/li>\n<li class=\"page_item page-item-1131\"><a href=\"https:\/\/suapoderado.com\/index.php\/abogados\/\">Abogados<\/a><\/li>\n<li class=\"page_item page-item-2393 page_item_has_children\"><a href=\"https:\/\/suapoderado.com\/index.php\/membership-login\/\">Acceso de miembro<\/a>\n<ul class='children'>\n\t<li class=\"page_item page-item-2394\"><a href=\"https:\/\/suapoderado.com\/index.php\/membership-login\/membership-profile\/\">Perfil<\/a><\/li>\n<\/ul>\n<\/li>\n<li class=\"page_item page-item-2719\"><a href=\"https:\/\/suapoderado.com\/index.php\/contratacion-estatal\/\">Acci\u00f3n Contractual<\/a><\/li>\n<li class=\"page_item page-item-2712\"><a href=\"https:\/\/suapoderado.com\/index.php\/accion-de-cumplimiento\/\">Acci\u00f3n de Cumplimiento<\/a><\/li>\n<li class=\"page_item page-item-2342\"><a href=\"https:\/\/suapoderado.com\/index.php\/accion-de-grupo\/\">Acci\u00f3n de Grupo<\/a><\/li>\n<li class=\"page_item page-item-2702\"><a href=\"https:\/\/suapoderado.com\/index.php\/accion-de-nulidad\/\">Acci\u00f3n de Nulidad<\/a><\/li>\n<li class=\"page_item page-item-2704\"><a href=\"https:\/\/suapoderado.com\/index.php\/accion-de-nulidad-y-restablecimiento-del-derecho\/\">Acci\u00f3n de Nulidad y Restablecimiento del Derecho<\/a><\/li>\n<li class=\"page_item page-item-2055\"><a href=\"https:\/\/suapoderado.com\/index.php\/accion-de-tutela\/\">Acci\u00f3n de Tutela<\/a><\/li>\n<li class=\"page_item page-item-2717\"><a href=\"https:\/\/suapoderado.com\/index.php\/accion-electoral\/\">Acci\u00f3n Electoral<\/a><\/li>\n<li class=\"page_item page-item-2344\"><a href=\"https:\/\/suapoderado.com\/index.php\/accion-popular-2\/\">Acci\u00f3n Popular<\/a><\/li>\n<li class=\"page_item page-item-2065\"><a href=\"https:\/\/suapoderado.com\/index.php\/acciones-populares\/\">Acciones Grupo<\/a><\/li>\n<li class=\"page_item page-item-3707\"><a href=\"https:\/\/suapoderado.com\/index.php\/archivo-onedrive\/\">Archivo Onedrive<\/a><\/li>\n<li class=\"page_item page-item-3646\"><a href=\"https:\/\/suapoderado.com\/index.php\/area-usuarios\/\">Area Clientes<\/a><\/li>\n<li class=\"page_item page-item-3593\"><a href=\"https:\/\/suapoderado.com\/index.php\/area-de-miembros\/\">\u00c1rea de Miembros<\/a><\/li>\n<li class=\"page_item page-item-3281\"><a href=\"https:\/\/suapoderado.com\/index.php\/atencion-telefonica\/\">Atenci\u00f3n Telef\u00f3nica<\/a><\/li>\n<li class=\"page_item page-item-2503\"><a href=\"https:\/\/suapoderado.com\/index.php\/aviso-legal\/\">Aviso Legal<\/a><\/li>\n<li class=\"page_item page-item-1228 current_page_parent\"><a href=\"https:\/\/suapoderado.com\/index.php\/blog\/\">Blog<\/a><\/li>\n<li class=\"page_item page-item-1128\"><a href=\"https:\/\/suapoderado.com\/index.php\/clientes\/\">Clientes<\/a><\/li>\n<li class=\"page_item page-item-1140\"><a href=\"https:\/\/suapoderado.com\/index.php\/contactanos\/\">Contacto<\/a><\/li>\n<li class=\"page_item page-item-2352\"><a href=\"https:\/\/suapoderado.com\/index.php\/contrato-de-trabajo\/\">Contrato de Trabajo<\/a><\/li>\n<li class=\"page_item page-item-3255\"><a href=\"https:\/\/suapoderado.com\/index.php\/contratos\/\">Contratos<\/a><\/li>\n<li class=\"page_item page-item-1583\"><a href=\"https:\/\/suapoderado.com\/index.php\/mferrerhernandez\/\">Cuenta<\/a><\/li>\n<li class=\"page_item page-item-1215\"><a href=\"https:\/\/suapoderado.com\/index.php\/deberes-profesionales\/\">Deberes Profesionales<\/a><\/li>\n<li class=\"page_item page-item-2753\"><a href=\"https:\/\/suapoderado.com\/index.php\/delitos-contra-la-vida-y-la-integridad-personal\/\">Delitos contra la vida y la integridad personal<\/a><\/li>\n<li class=\"page_item page-item-1234\"><a href=\"https:\/\/suapoderado.com\/index.php\/derecho-colectivo\/\">Derecho Colectivo<\/a><\/li>\n<li class=\"page_item page-item-2236\"><a href=\"https:\/\/suapoderado.com\/index.php\/derecho-de-familia\/\">Derecho de Familia<\/a><\/li>\n<li class=\"page_item page-item-1232 page_item_has_children\"><a href=\"https:\/\/suapoderado.com\/index.php\/derecho-del-trabajo\/\">Derecho Del Trabajo<\/a>\n<ul class='children'>\n\t<li class=\"page_item page-item-1156\"><a href=\"https:\/\/suapoderado.com\/index.php\/derecho-del-trabajo\/derecho-laboral\/\">Derecho Laboral<\/a><\/li>\n<\/ul>\n<\/li>\n<li class=\"page_item page-item-3260\"><a href=\"https:\/\/suapoderado.com\/index.php\/diagnostico-legal\/\">Diagn\u00f3stico Legal<\/a><\/li>\n<li class=\"page_item page-item-2746\"><a href=\"https:\/\/suapoderado.com\/index.php\/fuero-sindical\/\">Fuero Sindical<\/a><\/li>\n<li class=\"page_item page-item-2340\"><a href=\"https:\/\/suapoderado.com\/index.php\/habeas-corpus\/\">Habeas Corpus<\/a><\/li>\n<li class=\"page_item page-item-2085\"><a href=\"https:\/\/suapoderado.com\/index.php\/habeas-corpus-2\/\">Habeas Corpus<\/a><\/li>\n<li class=\"page_item page-item-3588\"><a href=\"https:\/\/suapoderado.com\/index.php\/inicio-de-sesion\/\">Inicio de sesi\u00f3n abogados<\/a><\/li>\n<li class=\"page_item page-item-3641\"><a href=\"https:\/\/suapoderado.com\/index.php\/inicio-sesion-usuarios\/\">Inicio Sesi\u00f3n Clientes<\/a><\/li>\n<li class=\"page_item page-item-2757\"><a href=\"https:\/\/suapoderado.com\/index.php\/libertad-individual-y-otras-garantias\/\">Libertad Individual y Otras Garant\u00edas<\/a><\/li>\n<li class=\"page_item page-item-2535\"><a href=\"https:\/\/suapoderado.com\/index.php\/mapa-del-sitio\/\">Mapa del Sitio<\/a><\/li>\n<li class=\"page_item page-item-3253\"><a href=\"https:\/\/suapoderado.com\/index.php\/medios-de-pago\/\">Medios de Pago<\/a><\/li>\n<li class=\"page_item page-item-2396\"><a href=\"https:\/\/suapoderado.com\/index.php\/membership-login-2\/\">membership-login\/<\/a><\/li>\n<li class=\"page_item page-item-1581\"><a href=\"https:\/\/suapoderado.com\/index.php\/members\/\">Miembros<\/a><\/li>\n<li class=\"page_item page-item-2851\"><a href=\"https:\/\/suapoderado.com\/index.php\/newsletter\/\">Newsletter<\/a><\/li>\n<li class=\"page_item page-item-1124\"><a href=\"https:\/\/suapoderado.com\/index.php\/nosotros\/\">Nosotros<\/a><\/li>\n<li class=\"page_item page-item-1698\"><a href=\"https:\/\/suapoderado.com\/index.php\/pagina-privada\/\">Pagina privada<\/a><\/li>\n<li class=\"page_item page-item-2507\"><a href=\"https:\/\/suapoderado.com\/index.php\/politicas-de-privacidad\/\">Pol\u00edticas de Privacidad<\/a><\/li>\n<li class=\"page_item page-item-3553\"><a href=\"https:\/\/suapoderado.com\/index.php\/postulacion\/\">Postulacion<\/a><\/li>\n<li class=\"page_item page-item-3148\"><a href=\"https:\/\/suapoderado.com\/index.php\/preferencial-anual\/\">PREFERENCIAL ANUAL<\/a><\/li>\n<li class=\"page_item page-item-3146\"><a href=\"https:\/\/suapoderado.com\/index.php\/preferencial-semestral\/\">PREFERENCIAL SEMESTRAL<\/a><\/li>\n<li class=\"page_item page-item-3141\"><a href=\"https:\/\/suapoderado.com\/index.php\/preferencial-trimestral\/\">PREFERENCIAL TRIMESTRAL<\/a><\/li>\n<li class=\"page_item page-item-2480\"><a href=\"https:\/\/suapoderado.com\/index.php\/2480-2\/\">Presentaci\u00f3n Corporativa<\/a><\/li>\n<li class=\"page_item page-item-2150\"><a href=\"https:\/\/suapoderado.com\/index.php\/presuncion-iuris-tantum-art-24-cst\/\">Presunci\u00f3n,\u00a0iuris tantum, Art. 24 CST<\/a><\/li>\n<li class=\"page_item page-item-1592\"><a href=\"https:\/\/suapoderado.com\/index.php\/pro-bono\/\">Pro Bono<\/a><\/li>\n<li class=\"page_item page-item-2742\"><a href=\"https:\/\/suapoderado.com\/index.php\/procesos-de-familia\/\">Procesos de Familia<\/a><\/li>\n<li class=\"page_item page-item-2733\"><a href=\"https:\/\/suapoderado.com\/index.php\/procesos-declarativos\/\">Procesos Declarativos<\/a><\/li>\n<li class=\"page_item page-item-2738\"><a href=\"https:\/\/suapoderado.com\/index.php\/procesos-ejecutivos\/\">Procesos Ejecutivos<\/a><\/li>\n<li class=\"page_item page-item-3582\"><a href=\"https:\/\/suapoderado.com\/index.php\/registro\/\">Registro de Abogados<\/a><\/li>\n<li class=\"page_item page-item-3637\"><a href=\"https:\/\/suapoderado.com\/index.php\/registro-usuario\/\">Registro Usuario<\/a><\/li>\n<li class=\"page_item page-item-1584\"><a href=\"https:\/\/suapoderado.com\/index.php\/password-reset\/\">Restablecer la contrase\u00f1a<\/a><\/li>\n<li class=\"page_item page-item-1582\"><a href=\"https:\/\/suapoderado.com\/index.php\/logout\/\">Salir<\/a><\/li>\n<li class=\"page_item page-item-2354\"><a href=\"https:\/\/suapoderado.com\/index.php\/seguridad-social-2\/\">Seguridad Social<\/a><\/li>\n<li class=\"page_item page-item-1236\"><a href=\"https:\/\/suapoderado.com\/index.php\/seguridad-social\/\">Seguridad Social<\/a><\/li>\n<li class=\"page_item page-item-1126 page_item_has_children\"><a href=\"https:\/\/suapoderado.com\/index.php\/servicios\/\">Servicios<\/a>\n<ul class='children'>\n\t<li class=\"page_item page-item-1149\"><a href=\"https:\/\/suapoderado.com\/index.php\/servicios\/derecho-civil\/\">Derecho Civil<\/a><\/li>\n\t<li class=\"page_item page-item-1158\"><a href=\"https:\/\/suapoderado.com\/index.php\/servicios\/derecho-administrativo\/\">Derecho Administrativo<\/a><\/li>\n\t<li class=\"page_item page-item-1160\"><a href=\"https:\/\/suapoderado.com\/index.php\/servicios\/derecho-penal\/\">Derecho Penal<\/a><\/li>\n<\/ul>\n<\/li>\n<li class=\"page_item page-item-1178\"><a href=\"https:\/\/suapoderado.com\/\">Servicios Jur\u00eddicos Integrales en Colombia<\/a><\/li>\n<li class=\"page_item page-item-3308\"><a href=\"https:\/\/suapoderado.com\/index.php\/tarifas-de-honorarios-profesionales-de-abogados\/\">Tarifas Honorarios Profesionales de Abogados<\/a><\/li>\n<li class=\"page_item page-item-3251\"><a href=\"https:\/\/suapoderado.com\/index.php\/terminos-y-condiciones\/\">Terminos y condiciones<\/a><\/li>\n<li class=\"page_item page-item-2395\"><a href=\"https:\/\/suapoderado.com\/index.php\/thank-you\/\">Thank You<\/a><\/li>\n<li class=\"page_item page-item-3550\"><a href=\"https:\/\/suapoderado.com\/index.php\/trabaja-con-nosotros\/\">Trabaja con Nosotros<\/a><\/li>\n<li class=\"page_item page-item-1578\"><a href=\"https:\/\/suapoderado.com\/index.php\/user\/\">Usuario<\/a><\/li>\n<li class=\"page_item page-item-1207\"><a href=\"https:\/\/suapoderado.com\/index.php\/valores\/\">Valores<\/a><\/li>\n<li class=\"page_item page-item-2448\"><a href=\"https:\/\/suapoderado.com\/index.php\/2448-2\/\">Visi\u00f3n<\/a><\/li>\n<li class=\"page_item page-item-1209\"><a href=\"https:\/\/suapoderado.com\/index.php\/vision\/\">Visi\u00f3n<\/a><\/li>\n<\/ul>\n<h2 class=\"wsp-posts-title\">Posts by category<\/h2>\n<ul class=\"wsp-posts-list\">\n\t<li><strong class=\"wsp-category-title\">Category: <a href=\"https:\/\/suapoderado.com\/index.php\/category\/derecho-civil\/\">Derecho Civil<\/a><\/strong>\n<ul class=\"wsp-posts-list\">\t\t<li class=\"wsp-post\"><a href=\"https:\/\/suapoderado.com\/index.php\/2025\/01\/09\/divorcio-unilateral-en-colombia-ley-2442-de-2024\/\">Divorcio unilateral en Colombia:  Ley 2442 de 2024<\/a><\/li>\n\t<li><strong class=\"wsp-category-title\">Category: <a href=\"https:\/\/suapoderado.com\/index.php\/category\/derecho-civil\/derecho-de-familia\/\">Derecho de Familia<\/a><\/strong>\n<ul class=\"wsp-posts-list\">\t\t<li class=\"wsp-post\"><a href=\"https:\/\/suapoderado.com\/index.php\/2025\/03\/03\/colombia-dice-adios-al-matrimonio-infantil-ley-2447-marca-un-hito-en-la-proteccion-de-la-ninez\/\">Colombia dice adi\u00f3s al matrimonio infantil: Ley 2447 marca un hito en la protecci\u00f3n de la ni\u00f1ez<\/a><\/li>\n\t\t<li class=\"wsp-post\"><a href=\"https:\/\/suapoderado.com\/index.php\/2025\/01\/17\/que-son-las-horas-extras-y-como-se-calculan-con-el-salario-minimo-en-2025\/\">\u00bfQu\u00e9 son las horas extras y c\u00f3mo se calculan con el salario m\u00ednimo en 2025?<\/a><\/li>\n\t\t<li class=\"wsp-post\"><a href=\"https:\/\/suapoderado.com\/index.php\/2025\/01\/11\/accion-de-reparacion-directa\/\">Acci\u00f3n de Reparaci\u00f3n Directa<\/a><\/li>\n<\/ul><\/li>\n<\/ul><\/li>\n\t<li><strong class=\"wsp-category-title\">Category: <a href=\"https:\/\/suapoderado.com\/index.php\/category\/derecho-constitucional\/\">Derecho Constitucional<\/a><\/strong>\n<ul class=\"wsp-posts-list\">\t\t<li class=\"wsp-post\"><a href=\"https:\/\/suapoderado.com\/index.php\/2025\/01\/16\/cuando-la-corte-habla-claro-justicia-para-un-adolecente-victima-de-acoso-escolar\/\">Cuando la Corte Habla Claro: Justicia para un Adolecente V\u00edctima de Acoso Escolar<\/a><\/li>\n<\/ul><\/li>\n\t<li><strong class=\"wsp-category-title\">Category: <a href=\"https:\/\/suapoderado.com\/index.php\/category\/derecho-laboral\/\">Derecho Laboral<\/a><\/strong>\n<ul class=\"wsp-posts-list\">\t\t<li class=\"wsp-post\"><a href=\"https:\/\/suapoderado.com\/index.php\/2025\/01\/22\/sabias-que-las-cesantias-y-sus-intereses-no-son-lo-mismo\/\">\u00bfSab\u00edas que las Cesant\u00edas y sus Intereses no son lo mismo?<\/a><\/li>\n\t\t<li class=\"wsp-post\"><a href=\"https:\/\/suapoderado.com\/index.php\/2025\/01\/20\/intereses-de-cesantias\/\">Intereses de Cesant\u00edas<\/a><\/li>\n\t\t<li class=\"wsp-post\"><a href=\"https:\/\/suapoderado.com\/index.php\/2025\/01\/15\/2817\/\">Derechos laborales de futbolistas<\/a><\/li>\n\t\t<li class=\"wsp-post\"><a href=\"https:\/\/suapoderado.com\/index.php\/2025\/01\/14\/corte-suprema-de-justicia-unifica-criterio-sobre-pension-de-sobrevivientes-ahora-exige-5-anos-de-convivencia\/\">Corte Suprema de Justicia unifica criterio sobre pensi\u00f3n de sobrevivientes: ahora exige 5 a\u00f1os de convivencia<\/a><\/li>\n\t\t<li class=\"wsp-post\"><a href=\"https:\/\/suapoderado.com\/index.php\/2025\/01\/11\/fondos-de-pensiones-deber-de-informar-sobre-cobertura-para-personas-con-discapacidad\/\">Fondos de Pensiones: Deber de Informar sobre Cobertura para Personas con Discapacidad<\/a><\/li>\n<\/ul><\/li>\n\t<li><strong class=\"wsp-category-title\">Category: <a href=\"https:\/\/suapoderado.com\/index.php\/category\/noticias\/\">Noticias<\/a><\/strong>\n<ul class=\"wsp-posts-list\">\t\t<li class=\"wsp-post\"><a href=\"https:\/\/suapoderado.com\/index.php\/2025\/02\/16\/nueva-refuerza-la-defensa-del-consumidor-un-avance-real-en-la-proteccion-del-consumidor-o-una-medida-insuficiente\/\">Nueva Ley refuerza la defensa del consumidor: \u00bfAvance real o medida insuficiente?&#8221;<\/a><\/li>\n\t\t<li class=\"wsp-post\"><a href=\"https:\/\/suapoderado.com\/index.php\/2025\/02\/14\/nueva-ley-de-insolvencia-incluye-a-pequenos-comerciantes\/\">Nueva Ley de Insolvencia Incluye a Peque\u00f1os Comerciantes<\/a><\/li>\n\t\t<li class=\"wsp-post\"><a href=\"https:\/\/suapoderado.com\/index.php\/2025\/02\/09\/inicia-inscripcion-la-contraloria-abre-concurso-con-mas-de-3-000-vacantes-en-juego\/\">\u00a1Inicia inscripci\u00f3n! La Contralor\u00eda abre concurso con m\u00e1s de 3.000 vacantes en juego<\/a><\/li>\n\t\t<li class=\"wsp-post\"><a href=\"https:\/\/suapoderado.com\/index.php\/2025\/02\/02\/ministerio-del-trabajo-establece-plazos-y-requisitos-para-registro-anual-del-sg-sst\/\">Ministerio del Trabajo establece plazos y requisitos para registro anual del SG-SST<\/a><\/li>\n\t\t<li class=\"wsp-post\"><a href=\"https:\/\/suapoderado.com\/index.php\/2025\/02\/02\/nueva-reduccion-de-la-jornada-laboral-en-colombia-a-partir-de-julio-de-2025\/\">Nueva reducci\u00f3n de la jornada laboral en Colombia a partir de julio de 2025<\/a><\/li>\n\t\t<li class=\"wsp-post\"><a href=\"https:\/\/suapoderado.com\/index.php\/2025\/01\/29\/plazo-para-el-pago-de-cesantias-e-intereses-vence-pronto\/\">Plazo para el pago de cesant\u00edas e intereses vence pronto<\/a><\/li>\n\t\t<li class=\"wsp-post\"><a href=\"https:\/\/suapoderado.com\/index.php\/2025\/01\/29\/calculadora-de-cesantias\/\">Calculadora de cesantias<\/a><\/li>\n\t\t<li class=\"wsp-post\"><a href=\"https:\/\/suapoderado.com\/index.php\/2025\/01\/14\/afiliados-a-colpensiones-deben-elegir-administradora-complementaria-antes-del-16-de-enero\/\">Afiliados a Colpensiones deben elegir administradora complementaria antes del 16 de enero<\/a><\/li>\n\t\t<li class=\"wsp-post\"><a href=\"https:\/\/suapoderado.com\/index.php\/2025\/01\/11\/inicia-concurso-de-meritos-para-notarios-2025\/\">Inicia Concurso de M\u00e9ritos para Notarios 2025!<\/a><\/li>\n\t\t<li class=\"wsp-post\"><a href=\"https:\/\/suapoderado.com\/index.php\/2025\/01\/10\/2649\/\">Reducci\u00f3n de Jornada Laboral para 2025: Todo lo que Necesitas Saber<\/a><\/li>\n\t\t<li class=\"wsp-post\"><a href=\"https:\/\/suapoderado.com\/index.php\/2025\/01\/09\/terminacion-de-la-vacancia-judicial-en-colombia-informacion-clave-para-la-ciudadania\/\">Terminaci\u00f3n de la Vacancia Judicial en Colombia: Informaci\u00f3n Clave para la Ciudadan\u00eda<\/a><\/li>\n<\/ul><\/li>\n<\/ul>\n<h2 class=\"wsp-elementor_librarys-title\">Mis plantillas<\/h2>\n<ul class=\"wsp-elementor_librarys-list\">\n<li><a href=\"https:\/\/suapoderado.com\/?elementor_library=default-kit\">Default Kit<\/a><\/li>\n<\/ul>\n<\/div>\n\n\n\n<p><\/p>\n","protected":false},"excerpt":{"rendered":"","protected":false},"author":1,"featured_media":0,"parent":0,"menu_order":0,"comment_status":"closed","ping_status":"closed","template":"","meta":{"_kadence_starter_templates_imported_post":false,"_kad_post_transparent":"","_kad_post_title":"","_kad_post_layout":"","_kad_post_sidebar_id":"","_kad_post_content_style":"","_kad_post_vertical_padding":"","_kad_post_feature":"","_kad_post_feature_position":"","_kad_post_header":false,"_kad_post_footer":false,"footnotes":""},"class_list":["post-2535","page","type-page","status-publish","hentry"],"yoast_head":"<!-- This site is optimized with the Yoast SEO plugin v24.6 - https:\/\/yoast.com\/wordpress\/plugins\/seo\/ -->\n<title>Mapa del Sitio - Suapoderado<\/title>\n<meta name=\"robots\" content=\"index, follow, max-snippet:-1, max-image-preview:large, max-video-preview:-1\" \/>\n<link rel=\"canonical\" href=\"https:\/\/suapoderado.com\/index.php\/mapa-del-sitio\/\" \/>\n<meta property=\"og:locale\" content=\"es_ES\" \/>\n<meta property=\"og:type\" content=\"article\" \/>\n<meta property=\"og:title\" content=\"Mapa del Sitio - Suapoderado\" \/>\n<meta property=\"og:url\" content=\"https:\/\/suapoderado.com\/index.php\/mapa-del-sitio\/\" \/>\n<meta property=\"og:site_name\" content=\"Suapoderado\" \/>\n<meta property=\"article:modified_time\" content=\"2025-01-08T10:58:43+00:00\" \/>\n<meta name=\"twitter:card\" content=\"summary_large_image\" \/>\n<script type=\"application\/ld+json\" class=\"yoast-schema-graph\">{\"@context\":\"https:\/\/schema.org\",\"@graph\":[{\"@type\":\"WebPage\",\"@id\":\"https:\/\/suapoderado.com\/index.php\/mapa-del-sitio\/\",\"url\":\"https:\/\/suapoderado.com\/index.php\/mapa-del-sitio\/\",\"name\":\"Mapa del Sitio - Suapoderado\",\"isPartOf\":{\"@id\":\"https:\/\/suapoderado.com\/#website\"},\"datePublished\":\"2025-01-08T09:17:08+00:00\",\"dateModified\":\"2025-01-08T10:58:43+00:00\",\"breadcrumb\":{\"@id\":\"https:\/\/suapoderado.com\/index.php\/mapa-del-sitio\/#breadcrumb\"},\"inLanguage\":\"es-CO\",\"potentialAction\":[{\"@type\":\"ReadAction\",\"target\":[\"https:\/\/suapoderado.com\/index.php\/mapa-del-sitio\/\"]}]},{\"@type\":\"BreadcrumbList\",\"@id\":\"https:\/\/suapoderado.com\/index.php\/mapa-del-sitio\/#breadcrumb\",\"itemListElement\":[{\"@type\":\"ListItem\",\"position\":1,\"name\":\"Inicio\",\"item\":\"https:\/\/suapoderado.com\/\"},{\"@type\":\"ListItem\",\"position\":2,\"name\":\"Mapa del Sitio\"}]},{\"@type\":\"WebSite\",\"@id\":\"https:\/\/suapoderado.com\/#website\",\"url\":\"https:\/\/suapoderado.com\/\",\"name\":\"Suapoderado\",\"description\":\"Ferrer &amp; Hern\u00e1ndez Abogados\",\"publisher\":{\"@id\":\"https:\/\/suapoderado.com\/#organization\"},\"potentialAction\":[{\"@type\":\"SearchAction\",\"target\":{\"@type\":\"EntryPoint\",\"urlTemplate\":\"https:\/\/suapoderado.com\/?s={search_term_string}\"},\"query-input\":{\"@type\":\"PropertyValueSpecification\",\"valueRequired\":true,\"valueName\":\"search_term_string\"}}],\"inLanguage\":\"es-CO\"},{\"@type\":\"Organization\",\"@id\":\"https:\/\/suapoderado.com\/#organization\",\"name\":\"Suapoderado\",\"alternateName\":\"Ferrer & Hernandez Abogados\",\"url\":\"https:\/\/suapoderado.com\/\",\"logo\":{\"@type\":\"ImageObject\",\"inLanguage\":\"es-CO\",\"@id\":\"https:\/\/suapoderado.com\/#\/schema\/logo\/image\/\",\"url\":\"http:\/\/www.suapoderado.com\/wp-content\/uploads\/2025\/02\/favicon_suapoderado_final_48x48.png\",\"contentUrl\":\"http:\/\/www.suapoderado.com\/wp-content\/uploads\/2025\/02\/favicon_suapoderado_final_48x48.png\",\"width\":48,\"height\":48,\"caption\":\"Suapoderado\"},\"image\":{\"@id\":\"https:\/\/suapoderado.com\/#\/schema\/logo\/image\/\"}}]}<\/script>\n<!-- \/ Yoast SEO plugin. -->","yoast_head_json":{"title":"Mapa del Sitio - Suapoderado","robots":{"index":"index","follow":"follow","max-snippet":"max-snippet:-1","max-image-preview":"max-image-preview:large","max-video-preview":"max-video-preview:-1"},"canonical":"https:\/\/suapoderado.com\/index.php\/mapa-del-sitio\/","og_locale":"es_ES","og_type":"article","og_title":"Mapa del Sitio - Suapoderado","og_url":"https:\/\/suapoderado.com\/index.php\/mapa-del-sitio\/","og_site_name":"Suapoderado","article_modified_time":"2025-01-08T10:58:43+00:00","twitter_card":"summary_large_image","schema":{"@context":"https:\/\/schema.org","@graph":[{"@type":"WebPage","@id":"https:\/\/suapoderado.com\/index.php\/mapa-del-sitio\/","url":"https:\/\/suapoderado.com\/index.php\/mapa-del-sitio\/","name":"Mapa del Sitio - Suapoderado","isPartOf":{"@id":"https:\/\/suapoderado.com\/#website"},"datePublished":"2025-01-08T09:17:08+00:00","dateModified":"2025-01-08T10:58:43+00:00","breadcrumb":{"@id":"https:\/\/suapoderado.com\/index.php\/mapa-del-sitio\/#breadcrumb"},"inLanguage":"es-CO","potentialAction":[{"@type":"ReadAction","target":["https:\/\/suapoderado.com\/index.php\/mapa-del-sitio\/"]}]},{"@type":"BreadcrumbList","@id":"https:\/\/suapoderado.com\/index.php\/mapa-del-sitio\/#breadcrumb","itemListElement":[{"@type":"ListItem","position":1,"name":"Inicio","item":"https:\/\/suapoderado.com\/"},{"@type":"ListItem","position":2,"name":"Mapa del Sitio"}]},{"@type":"WebSite","@id":"https:\/\/suapoderado.com\/#website","url":"https:\/\/suapoderado.com\/","name":"Suapoderado","description":"Ferrer &amp; Hern\u00e1ndez Abogados","publisher":{"@id":"https:\/\/suapoderado.com\/#organization"},"potentialAction":[{"@type":"SearchAction","target":{"@type":"EntryPoint","urlTemplate":"https:\/\/suapoderado.com\/?s={search_term_string}"},"query-input":{"@type":"PropertyValueSpecification","valueRequired":true,"valueName":"search_term_string"}}],"inLanguage":"es-CO"},{"@type":"Organization","@id":"https:\/\/suapoderado.com\/#organization","name":"Suapoderado","alternateName":"Ferrer & Hernandez Abogados","url":"https:\/\/suapoderado.com\/","logo":{"@type":"ImageObject","inLanguage":"es-CO","@id":"https:\/\/suapoderado.com\/#\/schema\/logo\/image\/","url":"http:\/\/www.suapoderado.com\/wp-content\/uploads\/2025\/02\/favicon_suapoderado_final_48x48.png","contentUrl":"http:\/\/www.suapoderado.com\/wp-content\/uploads\/2025\/02\/favicon_suapoderado_final_48x48.png","width":48,"height":48,"caption":"Suapoderado"},"image":{"@id":"https:\/\/suapoderado.com\/#\/schema\/logo\/image\/"}}]}},"_links":{"self":[{"href":"https:\/\/suapoderado.com\/index.php\/wp-json\/wp\/v2\/pages\/2535","targetHints":{"allow":["GET"]}}],"collection":[{"href":"https:\/\/suapoderado.com\/index.php\/wp-json\/wp\/v2\/pages"}],"about":[{"href":"https:\/\/suapoderado.com\/index.php\/wp-json\/wp\/v2\/types\/page"}],"author":[{"embeddable":true,"href":"https:\/\/suapoderado.com\/index.php\/wp-json\/wp\/v2\/users\/1"}],"replies":[{"embeddable":true,"href":"https:\/\/suapoderado.com\/index.php\/wp-json\/wp\/v2\/comments?post=2535"}],"version-history":[{"count":2,"href":"https:\/\/suapoderado.com\/index.php\/wp-json\/wp\/v2\/pages\/2535\/revisions"}],"predecessor-version":[{"id":2541,"href":"https:\/\/suapoderado.com\/index.php\/wp-json\/wp\/v2\/pages\/2535\/revisions\/2541"}],"wp:attachment":[{"href":"https:\/\/suapoderado.com\/index.php\/wp-json\/wp\/v2\/media?parent=2535"}],"curies":[{"name":"wp","href":"https:\/\/api.w.org\/{rel}","templated":true}]}}