{"id":3281,"date":"2025-02-08T05:01:34","date_gmt":"2025-02-08T05:01:34","guid":{"rendered":"https:\/\/www.suapoderado.com\/?page_id=3281"},"modified":"2025-02-08T05:26:28","modified_gmt":"2025-02-08T05:26:28","slug":"atencion-telefonica","status":"publish","type":"page","link":"https:\/\/suapoderado.com\/index.php\/atencion-telefonica\/","title":{"rendered":"Atenci\u00f3n Telef\u00f3nica"},"content":{"rendered":"\n<!DOCTYPE html>\n<html lang=\"es\">\n<head>\n  <meta charset=\"UTF-8\">\n  <meta name=\"viewport\" content=\"width=device-width, initial-scale=1\">\n  <title>Atenci\u00f3n Telef\u00f3nica Ilimitada para Consultas Legales<\/title>\n  <style>\n    \/* Estilos generales para el banner *\/\n    .banner {\n      background: linear-gradient(135deg, #004080, #0066cc);\n      color: #fff;\n      padding: 40px 20px;\n      text-align: center;\n      border-radius: 8px;\n      margin: 20px auto;\n      max-width: 960px;\n      box-shadow: 0 4px 8px rgba(0, 0, 0, 0.2);\n      font-family: 'Arial', sans-serif;\n    }\n    .banner h2 {\n      font-size: 2.5em;\n      margin-bottom: 20px;\n      color: #e67e22; \/* T\u00edtulo en naranja *\/\n    }\n    .banner p {\n      font-size: 1.2em;\n      line-height: 1.6;\n      margin-bottom: 20px;\n    }\n    .banner ul {\n      list-style: none;\n      padding: 0;\n      margin: 0 auto 20px;\n      max-width: 600px;\n      text-align: left;\n    }\n    .banner ul li {\n      font-size: 1.1em;\n      margin-bottom: 10px;\n      position: relative;\n      padding-left: 25px;\n    }\n    .banner ul li::before {\n      content: \"\u2714\";\n      position: absolute;\n      left: 0;\n      color: #e67e22;\n      font-size: 1.2em;\n      line-height: 1.1em;\n    }\n    .contact {\n      display: flex;\n      justify-content: center;\n      align-items: center;\n      gap: 20px;\n      margin-top: 20px;\n      flex-wrap: wrap;\n    }\n    .contact a {\n      display: inline-flex;\n      align-items: center;\n      color: #fff;\n      text-decoration: none;\n      font-size: 1.2em;\n      background: rgba(255, 255, 255, 0.2);\n      padding: 10px 15px;\n      border-radius: 5px;\n      transition: background 0.3s;\n    }\n    .contact a:hover {\n      background: rgba(255, 255, 255, 0.4);\n    }\n    .contact img {\n      vertical-align: middle;\n      width: 24px;\n      height: 24px;\n      margin-right: 8px;\n    }\n  <\/style>\n<\/head>\n<body>\n  <div class=\"banner\">\n    <h2>Atenci\u00f3n Telef\u00f3nica Ilimitada para Consultas Legales<\/h2>\n    <p>\n      \u00bfTienes dudas legales? Con\u00e9ctate al instante con nuestros expertos. Disfruta de atenci\u00f3n telef\u00f3nica sin l\u00edmites, donde nuestros abogados est\u00e1n disponibles para asesorarte en cada consulta, sin importar la cantidad o la hora.\n    <\/p>\n    <ul>\n      <li>Acceso directo: Habla con un profesional de inmediato.<\/li>\n      <li>Sin restricciones: Llama todas las veces que necesites.<\/li>\n      <li>Asesor\u00eda personalizada: Resuelve tus inquietudes y toma decisiones informadas.<\/li>\n    <\/ul>\n    <p><strong>\u00a1Tu tranquilidad y seguridad legal est\u00e1n a una llamada de distancia!<\/strong><\/p>\n    <div class=\"contact\">\n      <a href=\"tel:+573241884582\">Tel: +57 3241884582<\/a>\n      <a href=\"https:\/\/wa.me\/573241884582\" target=\"_blank\">\n        <img decoding=\"async\" src=\"https:\/\/upload.wikimedia.org\/wikipedia\/commons\/6\/6b\/WhatsApp.svg\" alt=\"WhatsApp Logo\">\n        WhatsApp: +57 3241884582\n      <\/a>\n    <\/div>\n  <\/div>\n<\/body>\n<\/html>\n\n","protected":false},"excerpt":{"rendered":"<p>Atenci\u00f3n Telef\u00f3nica Ilimitada para Consultas Legales Atenci\u00f3n Telef\u00f3nica Ilimitada para Consultas Legales \u00bfTienes dudas legales? Con\u00e9ctate al instante con nuestros expertos. Disfruta de atenci\u00f3n telef\u00f3nica sin l\u00edmites, donde nuestros abogados est\u00e1n disponibles para asesorarte en cada consulta, sin importar la cantidad o la hora. Acceso directo: Habla con un profesional de inmediato. Sin restricciones: Llama&#8230;<\/p>\n","protected":false},"author":1,"featured_media":0,"parent":0,"menu_order":0,"comment_status":"closed","ping_status":"closed","template":"","meta":{"_kadence_starter_templates_imported_post":false,"_kad_post_transparent":"","_kad_post_title":"","_kad_post_layout":"","_kad_post_sidebar_id":"","_kad_post_content_style":"","_kad_post_vertical_padding":"","_kad_post_feature":"","_kad_post_feature_position":"","_kad_post_header":false,"_kad_post_footer":false,"footnotes":""},"class_list":["post-3281","page","type-page","status-publish","hentry"],"yoast_head":"<!-- This site is optimized with the Yoast SEO plugin v24.6 - https:\/\/yoast.com\/wordpress\/plugins\/seo\/ -->\n<title>Atenci\u00f3n Telef\u00f3nica - Suapoderado<\/title>\n<meta name=\"robots\" content=\"index, follow, max-snippet:-1, max-image-preview:large, max-video-preview:-1\" \/>\n<link rel=\"canonical\" href=\"https:\/\/suapoderado.com\/index.php\/atencion-telefonica\/\" \/>\n<meta property=\"og:locale\" content=\"es_ES\" \/>\n<meta property=\"og:type\" content=\"article\" \/>\n<meta property=\"og:title\" content=\"Atenci\u00f3n Telef\u00f3nica - Suapoderado\" \/>\n<meta property=\"og:description\" content=\"Atenci\u00f3n Telef\u00f3nica Ilimitada para Consultas Legales Atenci\u00f3n Telef\u00f3nica Ilimitada para Consultas Legales \u00bfTienes dudas legales? Con\u00e9ctate al instante con nuestros expertos. Disfruta de atenci\u00f3n telef\u00f3nica sin l\u00edmites, donde nuestros abogados est\u00e1n disponibles para asesorarte en cada consulta, sin importar la cantidad o la hora. Acceso directo: Habla con un profesional de inmediato. Sin restricciones: Llama...\" \/>\n<meta property=\"og:url\" content=\"https:\/\/suapoderado.com\/index.php\/atencion-telefonica\/\" \/>\n<meta property=\"og:site_name\" content=\"Suapoderado\" \/>\n<meta property=\"article:modified_time\" content=\"2025-02-08T05:26:28+00:00\" \/>\n<meta property=\"og:image\" content=\"https:\/\/upload.wikimedia.org\/wikipedia\/commons\/6\/6b\/WhatsApp.svg\" \/>\n<meta name=\"twitter:card\" content=\"summary_large_image\" \/>\n<meta name=\"twitter:label1\" content=\"Tiempo de lectura\" \/>\n\t<meta name=\"twitter:data1\" content=\"1 minuto\" \/>\n<script type=\"application\/ld+json\" class=\"yoast-schema-graph\">{\"@context\":\"https:\/\/schema.org\",\"@graph\":[{\"@type\":\"WebPage\",\"@id\":\"https:\/\/suapoderado.com\/index.php\/atencion-telefonica\/\",\"url\":\"https:\/\/suapoderado.com\/index.php\/atencion-telefonica\/\",\"name\":\"Atenci\u00f3n Telef\u00f3nica - Suapoderado\",\"isPartOf\":{\"@id\":\"https:\/\/suapoderado.com\/#website\"},\"primaryImageOfPage\":{\"@id\":\"https:\/\/suapoderado.com\/index.php\/atencion-telefonica\/#primaryimage\"},\"image\":{\"@id\":\"https:\/\/suapoderado.com\/index.php\/atencion-telefonica\/#primaryimage\"},\"thumbnailUrl\":\"https:\/\/upload.wikimedia.org\/wikipedia\/commons\/6\/6b\/WhatsApp.svg\",\"datePublished\":\"2025-02-08T05:01:34+00:00\",\"dateModified\":\"2025-02-08T05:26:28+00:00\",\"breadcrumb\":{\"@id\":\"https:\/\/suapoderado.com\/index.php\/atencion-telefonica\/#breadcrumb\"},\"inLanguage\":\"es-CO\",\"potentialAction\":[{\"@type\":\"ReadAction\",\"target\":[\"https:\/\/suapoderado.com\/index.php\/atencion-telefonica\/\"]}]},{\"@type\":\"ImageObject\",\"inLanguage\":\"es-CO\",\"@id\":\"https:\/\/suapoderado.com\/index.php\/atencion-telefonica\/#primaryimage\",\"url\":\"https:\/\/upload.wikimedia.org\/wikipedia\/commons\/6\/6b\/WhatsApp.svg\",\"contentUrl\":\"https:\/\/upload.wikimedia.org\/wikipedia\/commons\/6\/6b\/WhatsApp.svg\"},{\"@type\":\"BreadcrumbList\",\"@id\":\"https:\/\/suapoderado.com\/index.php\/atencion-telefonica\/#breadcrumb\",\"itemListElement\":[{\"@type\":\"ListItem\",\"position\":1,\"name\":\"Inicio\",\"item\":\"https:\/\/suapoderado.com\/\"},{\"@type\":\"ListItem\",\"position\":2,\"name\":\"Atenci\u00f3n Telef\u00f3nica\"}]},{\"@type\":\"WebSite\",\"@id\":\"https:\/\/suapoderado.com\/#website\",\"url\":\"https:\/\/suapoderado.com\/\",\"name\":\"Suapoderado\",\"description\":\"Ferrer &amp; Hern\u00e1ndez Abogados\",\"publisher\":{\"@id\":\"https:\/\/suapoderado.com\/#organization\"},\"potentialAction\":[{\"@type\":\"SearchAction\",\"target\":{\"@type\":\"EntryPoint\",\"urlTemplate\":\"https:\/\/suapoderado.com\/?s={search_term_string}\"},\"query-input\":{\"@type\":\"PropertyValueSpecification\",\"valueRequired\":true,\"valueName\":\"search_term_string\"}}],\"inLanguage\":\"es-CO\"},{\"@type\":\"Organization\",\"@id\":\"https:\/\/suapoderado.com\/#organization\",\"name\":\"Suapoderado\",\"alternateName\":\"Ferrer & Hernandez Abogados\",\"url\":\"https:\/\/suapoderado.com\/\",\"logo\":{\"@type\":\"ImageObject\",\"inLanguage\":\"es-CO\",\"@id\":\"https:\/\/suapoderado.com\/#\/schema\/logo\/image\/\",\"url\":\"http:\/\/www.suapoderado.com\/wp-content\/uploads\/2025\/02\/favicon_suapoderado_final_48x48.png\",\"contentUrl\":\"http:\/\/www.suapoderado.com\/wp-content\/uploads\/2025\/02\/favicon_suapoderado_final_48x48.png\",\"width\":48,\"height\":48,\"caption\":\"Suapoderado\"},\"image\":{\"@id\":\"https:\/\/suapoderado.com\/#\/schema\/logo\/image\/\"}}]}<\/script>\n<!-- \/ Yoast SEO plugin. -->","yoast_head_json":{"title":"Atenci\u00f3n Telef\u00f3nica - Suapoderado","robots":{"index":"index","follow":"follow","max-snippet":"max-snippet:-1","max-image-preview":"max-image-preview:large","max-video-preview":"max-video-preview:-1"},"canonical":"https:\/\/suapoderado.com\/index.php\/atencion-telefonica\/","og_locale":"es_ES","og_type":"article","og_title":"Atenci\u00f3n Telef\u00f3nica - Suapoderado","og_description":"Atenci\u00f3n Telef\u00f3nica Ilimitada para Consultas Legales Atenci\u00f3n Telef\u00f3nica Ilimitada para Consultas Legales \u00bfTienes dudas legales? Con\u00e9ctate al instante con nuestros expertos. Disfruta de atenci\u00f3n telef\u00f3nica sin l\u00edmites, donde nuestros abogados est\u00e1n disponibles para asesorarte en cada consulta, sin importar la cantidad o la hora. Acceso directo: Habla con un profesional de inmediato. Sin restricciones: Llama...","og_url":"https:\/\/suapoderado.com\/index.php\/atencion-telefonica\/","og_site_name":"Suapoderado","article_modified_time":"2025-02-08T05:26:28+00:00","og_image":[{"url":"https:\/\/upload.wikimedia.org\/wikipedia\/commons\/6\/6b\/WhatsApp.svg","type":"","width":"","height":""}],"twitter_card":"summary_large_image","twitter_misc":{"Tiempo de lectura":"1 minuto"},"schema":{"@context":"https:\/\/schema.org","@graph":[{"@type":"WebPage","@id":"https:\/\/suapoderado.com\/index.php\/atencion-telefonica\/","url":"https:\/\/suapoderado.com\/index.php\/atencion-telefonica\/","name":"Atenci\u00f3n Telef\u00f3nica - Suapoderado","isPartOf":{"@id":"https:\/\/suapoderado.com\/#website"},"primaryImageOfPage":{"@id":"https:\/\/suapoderado.com\/index.php\/atencion-telefonica\/#primaryimage"},"image":{"@id":"https:\/\/suapoderado.com\/index.php\/atencion-telefonica\/#primaryimage"},"thumbnailUrl":"https:\/\/upload.wikimedia.org\/wikipedia\/commons\/6\/6b\/WhatsApp.svg","datePublished":"2025-02-08T05:01:34+00:00","dateModified":"2025-02-08T05:26:28+00:00","breadcrumb":{"@id":"https:\/\/suapoderado.com\/index.php\/atencion-telefonica\/#breadcrumb"},"inLanguage":"es-CO","potentialAction":[{"@type":"ReadAction","target":["https:\/\/suapoderado.com\/index.php\/atencion-telefonica\/"]}]},{"@type":"ImageObject","inLanguage":"es-CO","@id":"https:\/\/suapoderado.com\/index.php\/atencion-telefonica\/#primaryimage","url":"https:\/\/upload.wikimedia.org\/wikipedia\/commons\/6\/6b\/WhatsApp.svg","contentUrl":"https:\/\/upload.wikimedia.org\/wikipedia\/commons\/6\/6b\/WhatsApp.svg"},{"@type":"BreadcrumbList","@id":"https:\/\/suapoderado.com\/index.php\/atencion-telefonica\/#breadcrumb","itemListElement":[{"@type":"ListItem","position":1,"name":"Inicio","item":"https:\/\/suapoderado.com\/"},{"@type":"ListItem","position":2,"name":"Atenci\u00f3n Telef\u00f3nica"}]},{"@type":"WebSite","@id":"https:\/\/suapoderado.com\/#website","url":"https:\/\/suapoderado.com\/","name":"Suapoderado","description":"Ferrer &amp; Hern\u00e1ndez Abogados","publisher":{"@id":"https:\/\/suapoderado.com\/#organization"},"potentialAction":[{"@type":"SearchAction","target":{"@type":"EntryPoint","urlTemplate":"https:\/\/suapoderado.com\/?s={search_term_string}"},"query-input":{"@type":"PropertyValueSpecification","valueRequired":true,"valueName":"search_term_string"}}],"inLanguage":"es-CO"},{"@type":"Organization","@id":"https:\/\/suapoderado.com\/#organization","name":"Suapoderado","alternateName":"Ferrer & Hernandez Abogados","url":"https:\/\/suapoderado.com\/","logo":{"@type":"ImageObject","inLanguage":"es-CO","@id":"https:\/\/suapoderado.com\/#\/schema\/logo\/image\/","url":"http:\/\/www.suapoderado.com\/wp-content\/uploads\/2025\/02\/favicon_suapoderado_final_48x48.png","contentUrl":"http:\/\/www.suapoderado.com\/wp-content\/uploads\/2025\/02\/favicon_suapoderado_final_48x48.png","width":48,"height":48,"caption":"Suapoderado"},"image":{"@id":"https:\/\/suapoderado.com\/#\/schema\/logo\/image\/"}}]}},"_links":{"self":[{"href":"https:\/\/suapoderado.com\/index.php\/wp-json\/wp\/v2\/pages\/3281","targetHints":{"allow":["GET"]}}],"collection":[{"href":"https:\/\/suapoderado.com\/index.php\/wp-json\/wp\/v2\/pages"}],"about":[{"href":"https:\/\/suapoderado.com\/index.php\/wp-json\/wp\/v2\/types\/page"}],"author":[{"embeddable":true,"href":"https:\/\/suapoderado.com\/index.php\/wp-json\/wp\/v2\/users\/1"}],"replies":[{"embeddable":true,"href":"https:\/\/suapoderado.com\/index.php\/wp-json\/wp\/v2\/comments?post=3281"}],"version-history":[{"count":5,"href":"https:\/\/suapoderado.com\/index.php\/wp-json\/wp\/v2\/pages\/3281\/revisions"}],"predecessor-version":[{"id":3293,"href":"https:\/\/suapoderado.com\/index.php\/wp-json\/wp\/v2\/pages\/3281\/revisions\/3293"}],"wp:attachment":[{"href":"https:\/\/suapoderado.com\/index.php\/wp-json\/wp\/v2\/media?parent=3281"}],"curies":[{"name":"wp","href":"https:\/\/api.w.org\/{rel}","templated":true}]}}